{"id":2862,"date":"2023-02-11T23:54:11","date_gmt":"2023-02-11T23:54:11","guid":{"rendered":"https:\/\/www.skibum.pl\/?page_id=2862"},"modified":"2026-02-14T16:21:56","modified_gmt":"2026-02-14T16:21:56","slug":"osrodki-narciarskie","status":"publish","type":"page","link":"https:\/\/www.skibum.pl\/index.php\/osrodki-narciarskie\/","title":{"rendered":"O czym pisz\u0119?"},"content":{"rendered":"<p><strong>Przede wszystkim opisuj\u0119 wizyty w o\u015brodkach narciarskich.<br \/>\n<\/strong><br \/>\n<iframe loading=\"lazy\" src=\"https:\/\/www.google.com\/maps\/d\/embed?mid=1rH7pm0MCZI6bgPVLQkckFdDjAPDOX14&amp;ehbc=2E312F&amp;noprof=1\" width=\"640\" height=\"480\"><\/iframe><br \/>\n<b>W artyku\u0142ach znajdziecie relacje z wizyt w:<\/b><\/p>\n<h3><strong>ANDORA:<\/strong><\/h3>\n<ul>\n<li style=\"list-style-type: none;\">\n<ul>\n<li><a href=\"https:\/\/www.skibum.pl\/index.php\/2025\/03\/01\/sagrada-familia-ski-resort\/\">Grandvalira<\/a><\/li>\n<\/ul>\n<\/li>\n<\/ul>\n<h3><strong>AUSTRIA:<\/strong><\/h3>\n<ul>\n<li style=\"list-style-type: none;\">\n<ul>\n<li><a href=\"https:\/\/www.skibum.pl\/index.php\/2025\/01\/11\/swiety-antoni-muld-sie-za-nami\/\">Arlberg (St Anton, Stuben, Lech, Warth)<\/a><\/li>\n<li><a href=\"https:\/\/www.skibum.pl\/index.php\/tag\/hintertux-pl\/\">Hintertux<\/a><\/li>\n<li><a href=\"https:\/\/www.skibum.pl\/index.php\/tag\/ischgl\/\">Ischgl<\/a><\/li>\n<li><a href=\"https:\/\/www.skibum.pl\/index.php\/tag\/kaunertal\/\">Kaunertal<\/a><\/li>\n<li><a href=\"https:\/\/www.skibum.pl\/index.php\/tag\/kitzsteinhorn-pl\/\">Kitzsteinhorn<\/a><\/li>\n<li><a href=\"https:\/\/www.skibum.pl\/index.php\/2024\/02\/11\/cwany-ga-pa\/\">Lermoos<\/a><\/li>\n<li><a href=\"https:\/\/www.skibum.pl\/index.php\/tag\/molltaler\/\">M\u00f6lltaler<\/a><\/li>\n<li><a href=\"https:\/\/www.skibum.pl\/index.php\/tag\/nauders\/\">Nauders<\/a><\/li>\n<li><a href=\"https:\/\/www.skibum.pl\/index.php\/tag\/pitztal\/\">Pitztal<\/a><\/li>\n<li><a href=\"https:\/\/www.skibum.pl\/index.php\/tag\/saalbach\/\">Saalbach \/ Hinterglemm<\/a><\/li>\n<li><a href=\"https:\/\/www.skibum.pl\/index.php\/tag\/ladis\/\">Serfaus \/ Fiss \/ Ladis<\/a><\/li>\n<li><a href=\"https:\/\/www.skibum.pl\/index.php\/tag\/solden-pl\/\">S\u00f6lden<\/a><\/li>\n<li><a href=\"https:\/\/www.skibum.pl\/index.php\/tag\/stubai-pl\/\">Stubai<\/a><\/li>\n<li><a href=\"https:\/\/www.skibum.pl\/index.php\/tag\/vent-pl\/\">Vent<\/a><\/li>\n<li><a href=\"https:\/\/www.skibum.pl\/index.php\/tag\/zell-am-see\/\">Zell am See<\/a><\/li>\n<\/ul>\n<\/li>\n<\/ul>\n<h3><strong>CZECHY:<\/strong><\/h3>\n<ul>\n<li style=\"list-style-type: none;\">\n<ul>\n<li><a href=\"https:\/\/www.skibum.pl\/index.php\/2025\/03\/30\/6061\/\">\u010cervenohorsk\u00e9 Sedlo<\/a><\/li>\n<li><a href=\"https:\/\/www.skibum.pl\/index.php\/2025\/02\/10\/dolni-morava-z-najwyzszej-polki\/\">Doln\u00ed Morava<\/a><\/li>\n<li><a href=\"https:\/\/www.skibum.pl\/index.php\/2024\/12\/18\/jak-pieknie-wygladac-na-mamucie\/\">Harrachov<\/a><\/li>\n<li><a href=\"https:\/\/www.skibum.pl\/index.php\/tag\/janske-lazne\/\">Jansk\u00e9 L\u00e1zn\u011b<\/a><\/li>\n<li><a href=\"https:\/\/www.skibum.pl\/index.php\/tag\/klinovec\/\">Klinovec<\/a><\/li>\n<li><a href=\"https:\/\/www.skibum.pl\/index.php\/2024\/01\/25\/tramwajem-na-narty-w-libercu\/\">Liberec (Je\u0161t\u011bd)<\/a><\/li>\n<li><a href=\"https:\/\/www.skibum.pl\/index.php\/2025\/12\/26\/moninec-szybkie-narty-z-pragi\/\">Moninec<\/a><\/li>\n<li><a href=\"https:\/\/www.skibum.pl\/index.php\/tag\/orlicke-zahori\/\">Orlick\u00e9 Z\u00e1ho\u0159\u00ed<\/a><\/li>\n<li><a href=\"https:\/\/www.skibum.pl\/index.php\/tag\/pec-pod-snezkou\/\">Pec pod Sn\u011b\u017ekou<\/a><\/li>\n<li><a href=\"https:\/\/www.skibum.pl\/index.php\/tag\/praded-pl\/\">Prad\u011bd<\/a><\/li>\n<li><a href=\"https:\/\/www.skibum.pl\/index.php\/2019\/07\/02\/narty-w-pradze\/\">Praga<\/a><\/li>\n<li><a href=\"https:\/\/www.skibum.pl\/index.php\/2022\/02\/11\/w-gory-na-skitury-czesc-4-serak\/\">Ramzova<\/a><\/li>\n<li><a href=\"https:\/\/www.skibum.pl\/index.php\/2025\/01\/19\/rokytnice-nad-jizerou\/\">Rokytnice nad Jizerou<\/a><\/li>\n<li><a href=\"https:\/\/www.skibum.pl\/index.php\/2025\/03\/15\/wc-w-szpindlerowym-mlynie\/\">\u0160pindler\u016fv Ml\u00fdn<\/a><\/li>\n<li><a href=\"https:\/\/www.skibum.pl\/index.php\/2026\/02\/14\/tanvaldsky-spicak-dla-kazdego-cos-malego\/\">Tanvaldsk\u00fd \u0160pi\u010d\u00e1k<\/a><\/li>\n<\/ul>\n<\/li>\n<\/ul>\n<h3><strong>DANIA:<\/strong><\/h3>\n<ul>\n<li style=\"list-style-type: none;\">\n<ul>\n<li><a href=\"https:\/\/www.skibum.pl\/index.php\/tag\/bornholm\/\">Bornholm<\/a><\/li>\n<li><a href=\"https:\/\/www.skibum.pl\/index.php\/2023\/06\/12\/na-narty-do-spalarni-smieci-w-miescie-zbrodni\/\">Kopenhaga<\/a><\/li>\n<\/ul>\n<\/li>\n<\/ul>\n<h3><strong>FRANCJA:<\/strong><\/h3>\n<ul>\n<li style=\"list-style-type: none;\">\n<ul>\n<li><a href=\"https:\/\/www.skibum.pl\/index.php\/2022\/08\/21\/francuska-milosc-czyli-poczatek-konca\/\">Les 2 Alpes<\/a><\/li>\n<li><a href=\"https:\/\/www.skibum.pl\/index.php\/2022\/08\/21\/francuska-milosc-czyli-poczatek-konca\/\">Tignes<\/a><\/li>\n<\/ul>\n<\/li>\n<\/ul>\n<h3><strong>GRECJA:<\/strong><\/h3>\n<ul>\n<li style=\"list-style-type: none;\">\n<ul>\n<li><a href=\"https:\/\/www.skibum.pl\/index.php\/2020\/02\/24\/moje-wielkie-greckie-smiganie\/\">Parnas<\/a><\/li>\n<\/ul>\n<\/li>\n<\/ul>\n<h3><strong>HISZPANIA:<\/strong><\/h3>\n<ul>\n<li style=\"list-style-type: none;\">\n<ul>\n<li><a href=\"https:\/\/www.skibum.pl\/index.php\/2024\/03\/17\/sierra-nevada-szusowanie-w-rytmie-flamenco\/\">Sierra Nevada<\/a><\/li>\n<\/ul>\n<\/li>\n<\/ul>\n<h3><strong>LIECHTENSTEIN:<\/strong><\/h3>\n<ul>\n<li style=\"list-style-type: none;\">\n<ul>\n<li><a href=\"https:\/\/www.skibum.pl\/index.php\/2021\/03\/28\/male-jest-piekne\/\">Malbun<\/a><\/li>\n<\/ul>\n<\/li>\n<\/ul>\n<h3><strong>NIEMCY:<\/strong><\/h3>\n<ul>\n<li style=\"list-style-type: none;\">\n<ul>\n<li><a href=\"https:\/\/www.skibum.pl\/index.php\/2024\/02\/11\/cwany-ga-pa\/\">Garmisch-Partenkirchen<\/a><\/li>\n<li><a href=\"https:\/\/www.skibum.pl\/index.php\/2020\/03\/14\/oberwiesenthal-pelen-niespodzianek\/\">Oberwiesenthal<\/a><\/li>\n<li><a href=\"https:\/\/www.skibum.pl\/index.php\/2019\/02\/27\/namaste-na-narty-w-niemieckie-alpy\/\">Ofterschwang<\/a><\/li>\n<li><a href=\"https:\/\/www.skibum.pl\/index.php\/tag\/zugspitze-pl\/\">Zugspitze<\/a><\/li>\n<\/ul>\n<\/li>\n<\/ul>\n<h3><strong>NORWEGIA:<\/strong><\/h3>\n<ul>\n<li style=\"list-style-type: none;\">\n<ul>\n<li><a href=\"https:\/\/www.skibum.pl\/index.php\/2023\/06\/20\/kevin-sam-w-osrodku-galdhopiggen\/\">Galdh\u00f8ppigen<\/a><\/li>\n<li><a href=\"https:\/\/www.skibum.pl\/index.php\/2023\/06\/14\/z-fjordu-na-lodowiec-fonna\/\">Fonna<\/a><\/li>\n<li><a href=\"https:\/\/www.skibum.pl\/index.php\/2023\/06\/25\/oslo-narty-w-lodowce\/\">Oslo<\/a><\/li>\n<li><a href=\"https:\/\/www.skibum.pl\/index.php\/2023\/06\/16\/narciarski-plac-zabaw-w-stryn-sommerski\/\">Stryn Sommerski<\/a><\/li>\n<\/ul>\n<\/li>\n<\/ul>\n<h3><strong>POLSKA:<\/strong><\/h3>\n<ul>\n<li style=\"list-style-type: none;\">\n<ul>\n<li><a href=\"https:\/\/www.skibum.pl\/index.php\/2023\/12\/21\/jestesmy-w-czarnej\/\">Czarna G\u00f3ra (dolno\u015bl\u0105skie)<\/a><\/li>\n<li><a href=\"https:\/\/www.skibum.pl\/index.php\/2023\/03\/10\/najdziwniejszy-osrodek-narciarski\/\">Machnice (Wroc\u0142aw)<\/a><\/li>\n<li><a href=\"https:\/\/www.skibum.pl\/index.php\/2024\/10\/29\/mokry-sen-o-warszawie\/\">Warszawa<\/a><\/li>\n<li><a href=\"https:\/\/www.skibum.pl\/index.php\/2023\/12\/14\/zieleniec-osrodek-schrodingera\/\">Zieleniec<\/a><\/li>\n<\/ul>\n<\/li>\n<\/ul>\n<h3><strong><a href=\"https:\/\/www.skibum.pl\/index.php\/tag\/slowacja\/\">S\u0141OWACJA<\/a>:<\/strong><\/h3>\n<ul>\n<li style=\"list-style-type: none;\">\n<ul>\n<li><a href=\"https:\/\/www.skibum.pl\/index.php\/2024\/03\/17\/narciarskie-rozstaje-drog-na-rohaczach\/\">Roh\u00e1\u010de \u2013 Sp\u00e1len\u00e1<\/a><\/li>\n<li><a href=\"https:\/\/www.skibum.pl\/index.php\/tag\/szczyrbskie-jezioro\/\">Szczyrbskie Jezioro<\/a><\/li>\n<li><a href=\"https:\/\/www.skibum.pl\/index.php\/tag\/tatrzanska-lomnica\/\">Tatrza\u0144ska \u0141omnica<\/a><\/li>\n<\/ul>\n<\/li>\n<\/ul>\n<h3><strong>S\u0141OWENIA:<\/strong><\/h3>\n<ul>\n<li style=\"list-style-type: none;\">\n<ul>\n<li><a href=\"https:\/\/www.skibum.pl\/index.php\/2023\/03\/20\/kanin-zamkniete-psia-krew\/\">Kanin \/ Sella Nevea<\/a><\/li>\n<\/ul>\n<\/li>\n<\/ul>\n<h3><strong>SZWAJCARIA:<\/strong><\/h3>\n<ul>\n<li style=\"list-style-type: none;\">\n<ul>\n<li><a href=\"https:\/\/www.skibum.pl\/index.php\/tag\/corvatsch\/\">Corvatsch<\/a><\/li>\n<li><a href=\"https:\/\/www.skibum.pl\/index.php\/tag\/diavolezza\/\">Diavolezza<\/a><\/li>\n<li><a href=\"https:\/\/www.skibum.pl\/index.php\/tag\/lagalb\/\">Lagalb<\/a><\/li>\n<li><a href=\"https:\/\/www.skibum.pl\/index.php\/tag\/sankt-moritz\/\">Sankt Moritz<\/a><\/li>\n<li><a href=\"https:\/\/www.skibum.pl\/index.php\/tag\/samnaun\/\">Samnaun<\/a><\/li>\n<li><a href=\"https:\/\/www.skibum.pl\/index.php\/tag\/scuol\/\">Scuol<\/a><\/li>\n<li><a href=\"https:\/\/www.skibum.pl\/index.php\/tag\/zermatt-pl\/\">Zermatt<\/a><\/li>\n<\/ul>\n<\/li>\n<\/ul>\n<h3><strong>W\u0141OCHY:<\/strong><\/h3>\n<ul>\n<li style=\"list-style-type: none;\">\n<ul>\n<li><a href=\"https:\/\/www.skibum.pl\/index.php\/tag\/ladurns-pl\/\">Ladurns<\/a><\/li>\n<li><a href=\"https:\/\/www.skibum.pl\/index.php\/2024\/04\/21\/lody-wloskie-o-smaku-jablkowym\/\">Maso Corto\/Kurzas (Alpin Arena Senales)\u00a0<\/a><\/li>\n<li><a href=\"https:\/\/www.skibum.pl\/index.php\/2023\/04\/02\/mate-badone-najgorzej\/\">Monte Bondone<\/a><\/li>\n<li><a href=\"https:\/\/www.skibum.pl\/index.php\/tag\/passo-stelvio\/\">Passo Stelvio<\/a><\/li>\n<li><a href=\"https:\/\/www.skibum.pl\/index.php\/2023\/05\/03\/pejo-i-narciarski-dr-house\/\">Pejo<\/a><\/li>\n<li><a href=\"https:\/\/www.skibum.pl\/index.php\/tag\/ratschings-pl\/\">Ratschings \/ Racines<\/a><\/li>\n<li><a href=\"https:\/\/www.skibum.pl\/index.php\/tag\/rosskopf-pl\/\">Rosskopf \/ Monte Cavallo<\/a><\/li>\n<li><a href=\"https:\/\/www.skibum.pl\/index.php\/2024\/04\/21\/lody-wloskie-o-smaku-jablkowym\/\">Schwemmalm<\/a><\/li>\n<li><a href=\"https:\/\/www.skibum.pl\/index.php\/tag\/schoneben-belpiano\/\">Sch\u00f6neben \/ Belpiano<\/a><\/li>\n<li><a href=\"https:\/\/www.skibum.pl\/index.php\/2023\/04\/01\/kanin-zamkniete-psia-krew\/\">Sella Nevea \/ Kanin<\/a><\/li>\n<li><a href=\"https:\/\/www.skibum.pl\/index.php\/tag\/sella-ronda\/\">Sella Ronda<\/a><\/li>\n<li><a href=\"https:\/\/www.skibum.pl\/index.php\/2024\/04\/21\/lody-wloskie-o-smaku-jablkowym\/\">Solda\/Sulden<\/a><\/li>\n<li><a href=\"https:\/\/www.skibum.pl\/index.php\/2019\/03\/21\/szusowanie-na-wulkanie\/\">Etna (Sycylia)<\/a><\/li>\n<li><a href=\"https:\/\/www.skibum.pl\/index.php\/2023\/04\/01\/matko-boska-jezdzimy-w-tarvisio\/\">Tarvisio \/ Monte Santo di Lussari<\/a><\/li>\n<\/ul>\n<\/li>\n<\/ul>\n<p><strong>Ponadto pisz\u0119 tak\u017ce na na inne, oko\u0142onarciarskie, paranarciarskie i nienarciarskie tematy:<\/strong><\/p>\n<ul>\n<li><a href=\"https:\/\/www.skibum.pl\/index.php\/tag\/ciekawe-miejsca\/\">Ciekawe miejsc\u00f3wki na narty<\/a><\/li>\n<li><a href=\"https:\/\/www.skibum.pl\/index.php\/tag\/skitury\/\">Wycieczki skiturowe<\/a><\/li>\n<li><a href=\"https:\/\/www.skibum.pl\/index.php\/tag\/lato\/\">Narty w lecie<\/a><\/li>\n<li><a href=\"https:\/\/www.skibum.pl\/index.php\/tag\/rower\/\">Wycieczki rowerowe<\/a><\/li>\n<li><a href=\"https:\/\/www.skibum.pl\/index.php\/tag\/wakacyjny-off-topic\/\">Wakacyjny off-topic (rodzinne wakacje ze &#8222;skibumowymi&#8221; tropami)<\/a><\/li>\n<li><a href=\"https:\/\/www.skibum.pl\/index.php\/tag\/inne\/\">i inne&#8230;<\/a><\/li>\n<\/ul>\n<p>&nbsp;<\/p>\n","protected":false},"excerpt":{"rendered":"<p>Przede wszystkim opisuj\u0119 wizyty w o\u015brodkach narciarskich. W artyku\u0142ach znajdziecie relacje z wizyt w: ANDORA: Grandvalira AUSTRIA: Arlberg (St Anton, Stuben, Lech, Warth) Hintertux Ischgl Kaunertal Kitzsteinhorn Lermoos M\u00f6lltaler Nauders Pitztal Saalbach \/ Hinterglemm Serfaus \/ Fiss \/ Ladis S\u00f6lden Stubai Vent Zell am See CZECHY: \u010cervenohorsk\u00e9 Sedlo Doln\u00ed Morava Harrachov Jansk\u00e9 L\u00e1zn\u011b Klinovec Liberec &hellip; <\/p>\n<p class=\"link-more\"><a href=\"https:\/\/www.skibum.pl\/index.php\/osrodki-narciarskie\/\" class=\"more-link\">Czytaj dalej<span class=\"screen-reader-text\"> O czym pisz\u0119?<\/span><\/a><\/p>\n","protected":false},"author":1,"featured_media":0,"parent":0,"menu_order":0,"comment_status":"closed","ping_status":"closed","template":"","meta":[],"yoast_head":"<!-- This site is optimized with the Yoast SEO plugin v16.1.1 - https:\/\/yoast.com\/wordpress\/plugins\/seo\/ -->\n<title>O czym pisz\u0119? - SkiBum.pl<\/title>\n<link rel=\"canonical\" href=\"https:\/\/www.skibum.pl\/index.php\/osrodki-narciarskie\/\" \/>\n<meta property=\"og:locale\" content=\"pl_PL\" \/>\n<meta property=\"og:type\" content=\"article\" \/>\n<meta property=\"og:title\" content=\"O czym pisz\u0119? - SkiBum.pl\" \/>\n<meta property=\"og:description\" content=\"Przede wszystkim opisuj\u0119 wizyty w o\u015brodkach narciarskich. W artyku\u0142ach znajdziecie relacje z wizyt w: ANDORA: Grandvalira AUSTRIA: Arlberg (St Anton, Stuben, Lech, Warth) Hintertux Ischgl Kaunertal Kitzsteinhorn Lermoos M\u00f6lltaler Nauders Pitztal Saalbach \/ Hinterglemm Serfaus \/ Fiss \/ Ladis S\u00f6lden Stubai Vent Zell am See CZECHY: \u010cervenohorsk\u00e9 Sedlo Doln\u00ed Morava Harrachov Jansk\u00e9 L\u00e1zn\u011b Klinovec Liberec &hellip; Czytaj dalej O czym pisz\u0119?\" \/>\n<meta property=\"og:url\" content=\"https:\/\/www.skibum.pl\/index.php\/osrodki-narciarskie\/\" \/>\n<meta property=\"og:site_name\" content=\"SkiBum.pl\" \/>\n<meta property=\"article:modified_time\" content=\"2026-02-14T16:21:56+00:00\" \/>\n<meta name=\"twitter:card\" content=\"summary_large_image\" \/>\n<meta name=\"twitter:label1\" content=\"Szacowany czas czytania\">\n\t<meta name=\"twitter:data1\" content=\"1 minuta\">\n<script type=\"application\/ld+json\" class=\"yoast-schema-graph\">{\"@context\":\"https:\/\/schema.org\",\"@graph\":[{\"@type\":[\"Person\",\"Organization\"],\"@id\":\"https:\/\/www.skibum.pl\/#\/schema\/person\/b74385c885ac19df4fcc5a6cfed5764f\",\"name\":\"skibum\",\"image\":{\"@type\":\"ImageObject\",\"@id\":\"https:\/\/www.skibum.pl\/#personlogo\",\"inLanguage\":\"pl-PL\",\"url\":\"http:\/\/skibum.pl\/wp-content\/uploads\/2021\/04\/miniatura.jpg\",\"contentUrl\":\"http:\/\/skibum.pl\/wp-content\/uploads\/2021\/04\/miniatura.jpg\",\"width\":542,\"height\":542,\"caption\":\"skibum\"},\"logo\":{\"@id\":\"https:\/\/www.skibum.pl\/#personlogo\"}},{\"@type\":\"WebSite\",\"@id\":\"https:\/\/www.skibum.pl\/#website\",\"url\":\"https:\/\/www.skibum.pl\/\",\"name\":\"SkiBum.pl\",\"description\":\"Sezon nie ko\\u0144czy si\\u0119 nigdy!\",\"publisher\":{\"@id\":\"https:\/\/www.skibum.pl\/#\/schema\/person\/b74385c885ac19df4fcc5a6cfed5764f\"},\"potentialAction\":[{\"@type\":\"SearchAction\",\"target\":\"https:\/\/www.skibum.pl\/?s={search_term_string}\",\"query-input\":\"required name=search_term_string\"}],\"inLanguage\":\"pl-PL\"},{\"@type\":\"WebPage\",\"@id\":\"https:\/\/www.skibum.pl\/index.php\/osrodki-narciarskie\/#webpage\",\"url\":\"https:\/\/www.skibum.pl\/index.php\/osrodki-narciarskie\/\",\"name\":\"O czym pisz\\u0119? - SkiBum.pl\",\"isPartOf\":{\"@id\":\"https:\/\/www.skibum.pl\/#website\"},\"datePublished\":\"2023-02-11T23:54:11+00:00\",\"dateModified\":\"2026-02-14T16:21:56+00:00\",\"breadcrumb\":{\"@id\":\"https:\/\/www.skibum.pl\/index.php\/osrodki-narciarskie\/#breadcrumb\"},\"inLanguage\":\"pl-PL\",\"potentialAction\":[{\"@type\":\"ReadAction\",\"target\":[\"https:\/\/www.skibum.pl\/index.php\/osrodki-narciarskie\/\"]}]},{\"@type\":\"BreadcrumbList\",\"@id\":\"https:\/\/www.skibum.pl\/index.php\/osrodki-narciarskie\/#breadcrumb\",\"itemListElement\":[{\"@type\":\"ListItem\",\"position\":1,\"item\":{\"@type\":\"WebPage\",\"@id\":\"https:\/\/www.skibum.pl\/\",\"url\":\"https:\/\/www.skibum.pl\/\",\"name\":\"Strona g\\u0142\\u00f3wna\"}},{\"@type\":\"ListItem\",\"position\":2,\"item\":{\"@type\":\"WebPage\",\"@id\":\"https:\/\/www.skibum.pl\/index.php\/osrodki-narciarskie\/\",\"url\":\"https:\/\/www.skibum.pl\/index.php\/osrodki-narciarskie\/\",\"name\":\"O czym pisz\\u0119?\"}}]}]}<\/script>\n<!-- \/ Yoast SEO plugin. -->","_links":{"self":[{"href":"https:\/\/www.skibum.pl\/index.php\/wp-json\/wp\/v2\/pages\/2862"}],"collection":[{"href":"https:\/\/www.skibum.pl\/index.php\/wp-json\/wp\/v2\/pages"}],"about":[{"href":"https:\/\/www.skibum.pl\/index.php\/wp-json\/wp\/v2\/types\/page"}],"author":[{"embeddable":true,"href":"https:\/\/www.skibum.pl\/index.php\/wp-json\/wp\/v2\/users\/1"}],"replies":[{"embeddable":true,"href":"https:\/\/www.skibum.pl\/index.php\/wp-json\/wp\/v2\/comments?post=2862"}],"version-history":[{"count":72,"href":"https:\/\/www.skibum.pl\/index.php\/wp-json\/wp\/v2\/pages\/2862\/revisions"}],"predecessor-version":[{"id":6497,"href":"https:\/\/www.skibum.pl\/index.php\/wp-json\/wp\/v2\/pages\/2862\/revisions\/6497"}],"wp:attachment":[{"href":"https:\/\/www.skibum.pl\/index.php\/wp-json\/wp\/v2\/media?parent=2862"}],"curies":[{"name":"wp","href":"https:\/\/api.w.org\/{rel}","templated":true}]}}