{"id":2929,"date":"2023-02-20T21:47:28","date_gmt":"2023-02-20T21:47:28","guid":{"rendered":"https:\/\/www.skibum.pl\/?page_id=2929"},"modified":"2024-06-10T17:05:54","modified_gmt":"2024-06-10T17:05:54","slug":"o-mnie","status":"publish","type":"page","link":"https:\/\/www.skibum.pl\/index.php\/o-mnie\/","title":{"rendered":"O mnie"},"content":{"rendered":"<p>Cze\u015b\u0107,<\/p>\n<p>jestem Ski Bum i nie cierpi\u0119 sportu. Nie lubi\u0119 si\u0119 m\u0119czy\u0107, bieganiem gardz\u0119,\u00a0 a do \u0107wicze\u0144 na si\u0142owni si\u0119 zmuszam, traktuj\u0105c je jako ofiar\u0119 sk\u0142adan\u0105 na o\u0142tarzu sprawno\u015bci fizycznej&#8230;<\/p>\n<p>Lubi\u0119 jednak narty. Lubi\u0119 g\u00f3ry. Lubi\u0119 rower &#8211; zw\u0142aszcza elektryczny, kt\u00f3ry pozwala mi zwiedza\u0107 g\u00f3rskie trasy bez podr\u0119cznego defibrylatora.<\/p>\n<p>Wyjazdy w g\u00f3ry &#8211; na narty czy rower &#8211; to dla mnie pretekst by zobaczy\u0107 ciekawe, nowe miejsca, odpocz\u0105\u0107 i sp\u0119dzi\u0107 mi\u0142o czas z przyjaci\u00f3\u0142mi.<\/p>\n<p>Chcia\u0142bym Ci\u0119 przekona\u0107, \u017ce wje\u017cd\u017canie na g\u00f3ry i zje\u017cd\u017canie z nich to najwspanialszy rodzaj sportu, w kt\u00f3rym po\u0142\u0105czysz aktywno\u015b\u0107 fizyczn\u0105 z pi\u0119knymi widokami; sam, lub w gronie ludzi, kt\u00f3rych lubisz.<\/p>\n<p><strong>Zapraszam Ci\u0119 na m\u00f3j narciarski blog. \ud83d\ude42<\/strong><\/p>\n<p>kontakt: <a href=\"mailto:info@skibum.pl\">info@skibum.pl<\/a><\/p>\n","protected":false},"excerpt":{"rendered":"<p>Cze\u015b\u0107, jestem Ski Bum i nie cierpi\u0119 sportu. Nie lubi\u0119 si\u0119 m\u0119czy\u0107, bieganiem gardz\u0119,\u00a0 a do \u0107wicze\u0144 na si\u0142owni si\u0119 zmuszam, traktuj\u0105c je jako ofiar\u0119 sk\u0142adan\u0105 na o\u0142tarzu sprawno\u015bci fizycznej&#8230; Lubi\u0119 jednak narty. Lubi\u0119 g\u00f3ry. Lubi\u0119 rower &#8211; zw\u0142aszcza elektryczny, kt\u00f3ry pozwala mi zwiedza\u0107 g\u00f3rskie trasy bez podr\u0119cznego defibrylatora. Wyjazdy w g\u00f3ry &#8211; na narty &hellip; <\/p>\n<p class=\"link-more\"><a href=\"https:\/\/www.skibum.pl\/index.php\/o-mnie\/\" class=\"more-link\">Czytaj dalej<span class=\"screen-reader-text\"> O mnie<\/span><\/a><\/p>\n","protected":false},"author":1,"featured_media":2934,"parent":0,"menu_order":0,"comment_status":"closed","ping_status":"closed","template":"","meta":[],"yoast_head":"<!-- This site is optimized with the Yoast SEO plugin v16.1.1 - https:\/\/yoast.com\/wordpress\/plugins\/seo\/ -->\n<title>O mnie - SkiBum.pl<\/title>\n<link rel=\"canonical\" href=\"https:\/\/www.skibum.pl\/index.php\/o-mnie\/\" \/>\n<meta property=\"og:locale\" content=\"pl_PL\" \/>\n<meta property=\"og:type\" content=\"article\" \/>\n<meta property=\"og:title\" content=\"O mnie - SkiBum.pl\" \/>\n<meta property=\"og:description\" content=\"Cze\u015b\u0107, jestem Ski Bum i nie cierpi\u0119 sportu. Nie lubi\u0119 si\u0119 m\u0119czy\u0107, bieganiem gardz\u0119,\u00a0 a do \u0107wicze\u0144 na si\u0142owni si\u0119 zmuszam, traktuj\u0105c je jako ofiar\u0119 sk\u0142adan\u0105 na o\u0142tarzu sprawno\u015bci fizycznej&#8230; Lubi\u0119 jednak narty. Lubi\u0119 g\u00f3ry. Lubi\u0119 rower &#8211; zw\u0142aszcza elektryczny, kt\u00f3ry pozwala mi zwiedza\u0107 g\u00f3rskie trasy bez podr\u0119cznego defibrylatora. Wyjazdy w g\u00f3ry &#8211; na narty &hellip; Czytaj dalej O mnie\" \/>\n<meta property=\"og:url\" content=\"https:\/\/www.skibum.pl\/index.php\/o-mnie\/\" \/>\n<meta property=\"og:site_name\" content=\"SkiBum.pl\" \/>\n<meta property=\"article:modified_time\" content=\"2024-06-10T17:05:54+00:00\" \/>\n<meta property=\"og:image\" content=\"https:\/\/www.skibum.pl\/wp-content\/uploads\/2023\/02\/Untitled-3-e1676930922766.jpg\" \/>\n\t<meta property=\"og:image:width\" content=\"600\" \/>\n\t<meta property=\"og:image:height\" content=\"427\" \/>\n<meta name=\"twitter:card\" content=\"summary_large_image\" \/>\n<meta name=\"twitter:label1\" content=\"Szacowany czas czytania\">\n\t<meta name=\"twitter:data1\" content=\"1 minuta\">\n<script type=\"application\/ld+json\" class=\"yoast-schema-graph\">{\"@context\":\"https:\/\/schema.org\",\"@graph\":[{\"@type\":[\"Person\",\"Organization\"],\"@id\":\"https:\/\/www.skibum.pl\/#\/schema\/person\/b74385c885ac19df4fcc5a6cfed5764f\",\"name\":\"skibum\",\"image\":{\"@type\":\"ImageObject\",\"@id\":\"https:\/\/www.skibum.pl\/#personlogo\",\"inLanguage\":\"pl-PL\",\"url\":\"http:\/\/skibum.pl\/wp-content\/uploads\/2021\/04\/miniatura.jpg\",\"contentUrl\":\"http:\/\/skibum.pl\/wp-content\/uploads\/2021\/04\/miniatura.jpg\",\"width\":542,\"height\":542,\"caption\":\"skibum\"},\"logo\":{\"@id\":\"https:\/\/www.skibum.pl\/#personlogo\"}},{\"@type\":\"WebSite\",\"@id\":\"https:\/\/www.skibum.pl\/#website\",\"url\":\"https:\/\/www.skibum.pl\/\",\"name\":\"SkiBum.pl\",\"description\":\"Sezon nie ko\\u0144czy si\\u0119 nigdy!\",\"publisher\":{\"@id\":\"https:\/\/www.skibum.pl\/#\/schema\/person\/b74385c885ac19df4fcc5a6cfed5764f\"},\"potentialAction\":[{\"@type\":\"SearchAction\",\"target\":\"https:\/\/www.skibum.pl\/?s={search_term_string}\",\"query-input\":\"required name=search_term_string\"}],\"inLanguage\":\"pl-PL\"},{\"@type\":\"ImageObject\",\"@id\":\"https:\/\/www.skibum.pl\/index.php\/o-mnie\/#primaryimage\",\"inLanguage\":\"pl-PL\",\"url\":\"https:\/\/www.skibum.pl\/wp-content\/uploads\/2023\/02\/Untitled-3-e1676930922766.jpg\",\"contentUrl\":\"https:\/\/www.skibum.pl\/wp-content\/uploads\/2023\/02\/Untitled-3-e1676930922766.jpg\",\"width\":600,\"height\":427},{\"@type\":\"WebPage\",\"@id\":\"https:\/\/www.skibum.pl\/index.php\/o-mnie\/#webpage\",\"url\":\"https:\/\/www.skibum.pl\/index.php\/o-mnie\/\",\"name\":\"O mnie - SkiBum.pl\",\"isPartOf\":{\"@id\":\"https:\/\/www.skibum.pl\/#website\"},\"primaryImageOfPage\":{\"@id\":\"https:\/\/www.skibum.pl\/index.php\/o-mnie\/#primaryimage\"},\"datePublished\":\"2023-02-20T21:47:28+00:00\",\"dateModified\":\"2024-06-10T17:05:54+00:00\",\"breadcrumb\":{\"@id\":\"https:\/\/www.skibum.pl\/index.php\/o-mnie\/#breadcrumb\"},\"inLanguage\":\"pl-PL\",\"potentialAction\":[{\"@type\":\"ReadAction\",\"target\":[\"https:\/\/www.skibum.pl\/index.php\/o-mnie\/\"]}]},{\"@type\":\"BreadcrumbList\",\"@id\":\"https:\/\/www.skibum.pl\/index.php\/o-mnie\/#breadcrumb\",\"itemListElement\":[{\"@type\":\"ListItem\",\"position\":1,\"item\":{\"@type\":\"WebPage\",\"@id\":\"https:\/\/www.skibum.pl\/\",\"url\":\"https:\/\/www.skibum.pl\/\",\"name\":\"Strona g\\u0142\\u00f3wna\"}},{\"@type\":\"ListItem\",\"position\":2,\"item\":{\"@type\":\"WebPage\",\"@id\":\"https:\/\/www.skibum.pl\/index.php\/o-mnie\/\",\"url\":\"https:\/\/www.skibum.pl\/index.php\/o-mnie\/\",\"name\":\"O mnie\"}}]}]}<\/script>\n<!-- \/ Yoast SEO plugin. -->","_links":{"self":[{"href":"https:\/\/www.skibum.pl\/index.php\/wp-json\/wp\/v2\/pages\/2929"}],"collection":[{"href":"https:\/\/www.skibum.pl\/index.php\/wp-json\/wp\/v2\/pages"}],"about":[{"href":"https:\/\/www.skibum.pl\/index.php\/wp-json\/wp\/v2\/types\/page"}],"author":[{"embeddable":true,"href":"https:\/\/www.skibum.pl\/index.php\/wp-json\/wp\/v2\/users\/1"}],"replies":[{"embeddable":true,"href":"https:\/\/www.skibum.pl\/index.php\/wp-json\/wp\/v2\/comments?post=2929"}],"version-history":[{"count":16,"href":"https:\/\/www.skibum.pl\/index.php\/wp-json\/wp\/v2\/pages\/2929\/revisions"}],"predecessor-version":[{"id":5257,"href":"https:\/\/www.skibum.pl\/index.php\/wp-json\/wp\/v2\/pages\/2929\/revisions\/5257"}],"wp:featuredmedia":[{"embeddable":true,"href":"https:\/\/www.skibum.pl\/index.php\/wp-json\/wp\/v2\/media\/2934"}],"wp:attachment":[{"href":"https:\/\/www.skibum.pl\/index.php\/wp-json\/wp\/v2\/media?parent=2929"}],"curies":[{"name":"wp","href":"https:\/\/api.w.org\/{rel}","templated":true}]}}