{"id":6172,"date":"2025-09-03T22:25:48","date_gmt":"2025-09-03T22:25:48","guid":{"rendered":"https:\/\/www.skibum.pl\/?page_id=6172"},"modified":"2025-10-05T18:20:26","modified_gmt":"2025-10-05T18:20:26","slug":"newski-sierpien-2025","status":"publish","type":"page","link":"https:\/\/www.skibum.pl\/index.php\/newski-sierpien-2025\/","title":{"rendered":"NEWSKI &#8211; SIERPIE\u0143 2025"},"content":{"rendered":"<h3>Sierpie\u0144 nie jest najbardziej narciarskim miesi\u0105cem roku &#8211; przynajmniej na p\u00f3\u0142kuli p\u00f3\u0142nocnej. Je\u017adzi si\u0119 jednak na po\u0142udniu globu, a o\u015brodki na p\u00f3\u0142nocy szykuj\u0105 nowe atrakcje, inwestuj\u0105 i przygotowuj\u0105 si\u0119 do zimy! Sprawd\u017amy zatem, co szykuj\u0105 dla nas w Szczyr&#8230; w Pakistanie i Arabii Saudyjskiej. Mo\u017ce sprawdzi\u0107 tak\u017ce, czy Wasze narty pasuj\u0105 do Waszego samochodu, jak si\u0119 je\u017adzi na nartach w Afryce oraz czy macie sw\u00f3j udzia\u0142 w u\u015bmiercaniu lodowc\u00f3w.<\/h3>\n<h1>Pakistan odpala bomb\u0119.<\/h1>\n<p>Pakistan, opr\u00f3cz bycia mocarstwem atomowym, pragnie zosta\u0107 mocarstwem narciarskim i planuje budow\u0119 nowego o\u015brodka narciarskiego w dolinie Boyun ko\u0142o Kalam, kt\u00f3ry to o\u015brodek ma konkurowa\u0107 z najlepszymi kurortami \u015bwiata. Projekt obejmuje blisko 3 tys. akr\u00f3w ziemi &#8211; 1400 przeznaczonych na stoki i 1500 na hotele, restauracje oraz infrastruktur\u0119 towarzysz\u0105c\u0105.\u00a0 W\u0142adze zapewniaj\u0105, \u017ce ani jedno drzewo w otaczaj\u0105cych lasach nie zostanie wyci\u0119te, w przeciwie\u0144stwie do mieszka\u0144c\u00f3w, kt\u00f3rzy &#8211; cho\u0107 nieliczni &#8211; dostali &#8222;ofert\u0119&#8221; przeprowadzki. Projekt wspieraj\u0105 konsyltanci z Austrii, co teoretycznie daje nadziej\u0119, ale z drugiej stronu, patrz\u0105c na Szklarsk\u0105 Por\u0119b\u0119&#8230;<\/p>\n<p><a href=\"https:\/\/www.dawn.com\/news\/1937688\" target=\"_blank\" rel=\"noopener\">https:\/\/www.dawn.com\/news\/1937688<\/a><\/p>\n<figure id=\"attachment_6175\" aria-describedby=\"caption-attachment-6175\" style=\"width: 525px\" class=\"wp-caption aligncenter\"><a href=\"https:\/\/www.skibum.pl\/wp-content\/uploads\/2025\/09\/Boyun_Plains_Kalam_Swat_Valley_Pakistan-scaled.jpg\"><img loading=\"lazy\" class=\"wp-image-6175 size-large\" src=\"https:\/\/www.skibum.pl\/wp-content\/uploads\/2025\/09\/Boyun_Plains_Kalam_Swat_Valley_Pakistan-1024x682.jpg\" alt=\"\" width=\"525\" height=\"350\" srcset=\"https:\/\/www.skibum.pl\/wp-content\/uploads\/2025\/09\/Boyun_Plains_Kalam_Swat_Valley_Pakistan-1024x682.jpg 1024w, https:\/\/www.skibum.pl\/wp-content\/uploads\/2025\/09\/Boyun_Plains_Kalam_Swat_Valley_Pakistan-300x200.jpg 300w, https:\/\/www.skibum.pl\/wp-content\/uploads\/2025\/09\/Boyun_Plains_Kalam_Swat_Valley_Pakistan-768x511.jpg 768w, https:\/\/www.skibum.pl\/wp-content\/uploads\/2025\/09\/Boyun_Plains_Kalam_Swat_Valley_Pakistan-1536x1023.jpg 1536w, https:\/\/www.skibum.pl\/wp-content\/uploads\/2025\/09\/Boyun_Plains_Kalam_Swat_Valley_Pakistan-2048x1364.jpg 2048w\" sizes=\"(max-width: 525px) 100vw, 525px\" \/><\/a><figcaption id=\"caption-attachment-6175\" class=\"wp-caption-text\">Dolina Swat, Pakistan. Kto wie, mo\u017ce na tej \u0142\u0105ce stanie jaki\u015b Doppelmayr. Fot. Akbar Asif22 (Akbar Ali Asif).<\/figcaption><\/figure>\n<h1>Ko\u0144 troje\u0144ski czystej krwi arabskiej.<\/h1>\n<p>By\u0107 mo\u017ce s\u0142yszeli\u015bcie o tym, \u017ce Arabia Saudyjska chce zorganizowa\u0107 ZIMOWE Igrzyska Azjatyckie 2029. I uwaga &#8211; niespodzianka &#8211; MO\u017bE SI\u0118 TO NIE UDA\u0106. Megaprojekt <strong>Trojena<\/strong> &#8211; pustynny kurort narciarski , kt\u00f3ry mia\u0142 by\u0107 gospodarzem Igrzysk &#8211; ma powa\u017cne op\u00f3\u017anieniach. Kluczowa inwestycja, tzw. Vault, czyli \u201epionowa wioska\u201d wydr\u0105\u017cona w g\u00f3rze, wymaga instalacji 3 000 kabli stabilizuj\u0105cych, ale tempo prac to zaledwie jeden dziennie, co grozi przekroczeniem terminu o lata. Do tego dochodz\u0105 problemy z budow\u0105 sztucznego jeziora, od kt\u00f3rego zale\u017cy na\u015bnie\u017canie. Coraz cz\u0119\u015bciej m\u00f3wi si\u0119 o przeniesieniu igrzysk do Korei Po\u0142udniowej lub Chin, co by\u0142oby dla Arabii Saudyjskiej symbolicznym ciosem w wizerunek i dowodem, \u017ce wizja ksi\u0119cia Mohammeda bin Salmana zderzy\u0142a si\u0119 z realiami geologii i logistyki.<\/p>\n<p><a href=\"https:\/\/luxurylaunches.com\/travel\/trojena-may-not-host-the-2029-asian-winter-games-08212025.php\" target=\"_blank\" rel=\"noopener\">https:\/\/www.dawn.com\/news\/1937688<\/a><\/p>\n<figure id=\"attachment_6181\" aria-describedby=\"caption-attachment-6181\" style=\"width: 525px\" class=\"wp-caption aligncenter\"><a href=\"https:\/\/www.skibum.pl\/wp-content\/uploads\/2025\/09\/neom-vault-09-1.webp\"><img loading=\"lazy\" class=\"wp-image-6181 size-large\" src=\"https:\/\/www.skibum.pl\/wp-content\/uploads\/2025\/09\/neom-vault-09-1-1024x768.webp\" alt=\"\" width=\"525\" height=\"394\" srcset=\"https:\/\/www.skibum.pl\/wp-content\/uploads\/2025\/09\/neom-vault-09-1-1024x768.webp 1024w, https:\/\/www.skibum.pl\/wp-content\/uploads\/2025\/09\/neom-vault-09-1-300x225.webp 300w, https:\/\/www.skibum.pl\/wp-content\/uploads\/2025\/09\/neom-vault-09-1-768x576.webp 768w, https:\/\/www.skibum.pl\/wp-content\/uploads\/2025\/09\/neom-vault-09-1.webp 1200w\" sizes=\"(max-width: 525px) 100vw, 525px\" \/><\/a><figcaption id=\"caption-attachment-6181\" class=\"wp-caption-text\">Wizualizacja pi\u0119kna, ale my &#8211; przez lata zwodzeni przez polskich deweloper\u00f3w, s\u0142usznie podchodzimy do nich z nieufno\u015bci\u0105. Fot. X \/ @Saudfromabove.<\/figcaption><\/figure>\n<h1>Czy Twoje narty pasuj\u0105 do Twojego samochodu?<br \/>\nSprawd\u017a to!<\/h1>\n<p>Na pewno znacie psychotesty w stylu &#8222;Kt\u00f3r\u0105 Spice Girls jeste\u015b&#8221; czy m\u00f3j ulubiony: <a href=\"https:\/\/natemat.pl\/156611,ktora-postacia-z-muminkow-jest-twoja-cipka-internauci-skonsternowani-byle-nie-buka\" target=\"_blank\" rel=\"noopener\">&#8222;Kt\u00f3r\u0105 postaci\u0105 z Mumink\u00f3w jest Twoje ci*ka&#8221;<\/a>. Jak si\u0119 okazuje, wiele wsp\u00f3lnego maj\u0105 ze sob\u0105 tak\u017ce narty i samochody\u00a0 &#8211; obie bran\u017ce kr\u0119c\u0105 si\u0119 wok\u00f3\u0142 emocji, stylu i wybor\u00f3w, kt\u00f3re zdradzaj\u0105 co\u015b o ich w\u0142a\u015bcicielu. Jedne kojarz\u0105 si\u0119 z pr\u0119dko\u015bci\u0105 i technologi\u0105, inne z wygod\u0105 i solidno\u015bci\u0105, a jeszcze inne z luksusem i presti\u017cem. Sami zreszt\u0105 wiecie, \u017ce przy wyborze nart jest troch\u0119 tak, jak przy zakupie auta. Nie chodzi wy\u0142\u0105cznie o parametry &#8211; wa\u017cne jest te\u017c to, jak si\u0119 czujecie, kiedy wchodzicie na stok oraz moment, kiedy kto\u015b rzuci pytaj\u0105ce spojrzenie na Wasze deski. W poni\u017cszym artykule sprawdzicie, jakie auto pasuj\u0105 do Waszych nart (i odwrotnie).<\/p>\n<p><a href=\"https:\/\/snowbrains.com\/11-top-ski-brands-and-their-equivalent-automobile-brand\/\" target=\"_blank\" rel=\"noopener\">snowbrains.com<\/a><\/p>\n<figure id=\"attachment_6183\" aria-describedby=\"caption-attachment-6183\" style=\"width: 525px\" class=\"wp-caption aligncenter\"><a href=\"https:\/\/www.skibum.pl\/wp-content\/uploads\/2025\/09\/ski-car-2-768x512-1.webp\"><img loading=\"lazy\" class=\"wp-image-6183\" src=\"https:\/\/www.skibum.pl\/wp-content\/uploads\/2025\/09\/ski-car-2-768x512-1.webp\" alt=\"\" width=\"525\" height=\"350\" srcset=\"https:\/\/www.skibum.pl\/wp-content\/uploads\/2025\/09\/ski-car-2-768x512-1.webp 768w, https:\/\/www.skibum.pl\/wp-content\/uploads\/2025\/09\/ski-car-2-768x512-1-300x200.webp 300w\" sizes=\"(max-width: 525px) 100vw, 525px\" \/><\/a><figcaption id=\"caption-attachment-6183\" class=\"wp-caption-text\">Fot.: Open AI, https:\/\/snowbrains.com\/.<\/figcaption><\/figure>\n<h1>Lesotho &#8211; bia\u0142e szale\u0144stwo na czarnym l\u0105dzie.<\/h1>\n<p>Sierpie\u0144 jest tradycyjnie ostatnim miesi\u0105cem sezonu narciarskiego w&#8230; po\u0142udniowej Afryce. W ostatni weekend sierpnia w Lesotho odby\u0142 si\u0119 Afriski Winterfest, w czasie kt\u00f3rego szusowa\u0142o si\u0119 przy d\u017awi\u0119kach muzyki. Relacji z 29-31 sierpnia 2025 jeszcze nie ma, ale <a href=\"https:\/\/www.youtube.com\/watch?v=tcMWTPai8ds&amp;ab_channel=AfriskiMountainResort-Lesotho\" target=\"_blank\" rel=\"noopener\">na Youtube mo\u017cecie zobaczy\u0107 podsumowanie z zesz\u0142ego roku.<\/a><\/p>\n<figure id=\"attachment_6187\" aria-describedby=\"caption-attachment-6187\" style=\"width: 525px\" class=\"wp-caption aligncenter\"><a href=\"https:\/\/www.skibum.pl\/wp-content\/uploads\/2025\/09\/469384555_1076087227861181_4072890811181861706_n.jpg\"><img loading=\"lazy\" class=\"wp-image-6187 size-large\" src=\"https:\/\/www.skibum.pl\/wp-content\/uploads\/2025\/09\/469384555_1076087227861181_4072890811181861706_n-1024x683.jpg\" alt=\"\" width=\"525\" height=\"350\" srcset=\"https:\/\/www.skibum.pl\/wp-content\/uploads\/2025\/09\/469384555_1076087227861181_4072890811181861706_n-1024x683.jpg 1024w, https:\/\/www.skibum.pl\/wp-content\/uploads\/2025\/09\/469384555_1076087227861181_4072890811181861706_n-300x200.jpg 300w, https:\/\/www.skibum.pl\/wp-content\/uploads\/2025\/09\/469384555_1076087227861181_4072890811181861706_n-768x512.jpg 768w, https:\/\/www.skibum.pl\/wp-content\/uploads\/2025\/09\/469384555_1076087227861181_4072890811181861706_n-1536x1024.jpg 1536w, https:\/\/www.skibum.pl\/wp-content\/uploads\/2025\/09\/469384555_1076087227861181_4072890811181861706_n.jpg 1920w\" sizes=\"(max-width: 525px) 100vw, 525px\" \/><\/a><figcaption id=\"caption-attachment-6187\" class=\"wp-caption-text\">Fot. Discovery Travel Lesotho.<\/figcaption><\/figure>\n<h1>Turystyczna oferta <em>last century<\/em>.<\/h1>\n<p>Czasami zarzuca si\u0119 mi, \u017ce ubolewam nad topniej\u0105cymi lodowcami, a sam dok\u0142adam \u015bladu w\u0119glowego odbywaj\u0105c dalekie podr\u00f3\u017ce. Jak si\u0119 okazuje, zjawisko to jest przedmiotem szerszej dyskusji, gdy\u017c coraz wi\u0119cej os\u00f3b odwiedza lodowce, chc\u0105c je zobaczy\u0107, zanim znikn\u0105 (wiele z nich jeszcze w tym stuleciu). Tak\u0105 destynacj\u0105 &#8222;turystki ostatniej szansy&#8221; sta\u0142 si\u0119 np. region Jungfrau-Aletsch w Szwajcarii, wpisany na list\u0119 UNESCO, kt\u00f3ry dramatycznie traci lodow\u0105 mas\u0119 &#8211; w 25 lat znikn\u0119\u0142o ju\u017c niemal 40% obj\u0119to\u015bci. Co ciekawe, jedynym kontynentem, kt\u00f3ry nie martwi si\u0119 o topniej\u0105ce lodowce, jest Australia. Po prostu ich nie maj\u0105.<\/p>\n<p><a href=\"https:\/\/www.dailytelegraph.com.au\/lifestyle\/lastchance-tourism-effect-is-it-ethical-to-visit-glaciers\/news-story\/6353de896aa46bc95b3a3a7313aada09\" target=\"_blank\" rel=\"noopener\">https:\/\/www.dailytelegraph.com.au\/lifestyle\/lastchance-tourism-effect-is-it-ethical-to-visit-glaciers\/news-story\/6353de896aa46bc95b3a3a7313aada09<\/a><\/p>\n<figure id=\"attachment_6188\" aria-describedby=\"caption-attachment-6188\" style=\"width: 525px\" class=\"wp-caption aligncenter\"><a href=\"https:\/\/www.skibum.pl\/wp-content\/uploads\/2025\/09\/rodan.webp\"><img loading=\"lazy\" class=\"wp-image-6188 size-large\" src=\"https:\/\/www.skibum.pl\/wp-content\/uploads\/2025\/09\/rodan-1024x683.webp\" alt=\"\" width=\"525\" height=\"350\" srcset=\"https:\/\/www.skibum.pl\/wp-content\/uploads\/2025\/09\/rodan-1024x683.webp 1024w, https:\/\/www.skibum.pl\/wp-content\/uploads\/2025\/09\/rodan-300x200.webp 300w, https:\/\/www.skibum.pl\/wp-content\/uploads\/2025\/09\/rodan-768x512.webp 768w, https:\/\/www.skibum.pl\/wp-content\/uploads\/2025\/09\/rodan.webp 1360w\" sizes=\"(max-width: 525px) 100vw, 525px\" \/><\/a><figcaption id=\"caption-attachment-6188\" class=\"wp-caption-text\">Topniej\u0105cy, chroniony bia\u0142\u0105 p\u0142acht\u0105, Lodowiec Rodanu. Fot. AP Photo\/Matthias Schrader.<\/figcaption><\/figure>\n<h2 style=\"text-align: center;\"><a href=\"https:\/\/www.skibum.pl\/index.php\/newski-newsletter-skibum-pl\/\">POWR\u00d3T<\/a><\/h2>\n","protected":false},"excerpt":{"rendered":"<p>Sierpie\u0144 nie jest najbardziej narciarskim miesi\u0105cem roku &#8211; przynajmniej na p\u00f3\u0142kuli p\u00f3\u0142nocnej. Je\u017adzi si\u0119 jednak na po\u0142udniu globu, a o\u015brodki na p\u00f3\u0142nocy szykuj\u0105 nowe atrakcje, inwestuj\u0105 i przygotowuj\u0105 si\u0119 do zimy! Sprawd\u017amy zatem, co szykuj\u0105 dla nas w Szczyr&#8230; w Pakistanie i Arabii Saudyjskiej. Mo\u017ce sprawdzi\u0107 tak\u017ce, czy Wasze narty pasuj\u0105 do Waszego samochodu, jak &hellip; <\/p>\n<p class=\"link-more\"><a href=\"https:\/\/www.skibum.pl\/index.php\/newski-sierpien-2025\/\" class=\"more-link\">Czytaj dalej<span class=\"screen-reader-text\"> NEWSKI &#8211; SIERPIE\u0143 2025<\/span><\/a><\/p>\n","protected":false},"author":1,"featured_media":6163,"parent":0,"menu_order":0,"comment_status":"closed","ping_status":"closed","template":"","meta":[],"yoast_head":"<!-- This site is optimized with the Yoast SEO plugin v16.1.1 - https:\/\/yoast.com\/wordpress\/plugins\/seo\/ -->\n<title>NEWSKI - SIERPIE\u0143 2025 - SkiBum.pl<\/title>\n<link rel=\"canonical\" href=\"https:\/\/www.skibum.pl\/index.php\/newski-sierpien-2025\/\" \/>\n<meta property=\"og:locale\" content=\"pl_PL\" \/>\n<meta property=\"og:type\" content=\"article\" \/>\n<meta property=\"og:title\" content=\"NEWSKI - SIERPIE\u0143 2025 - SkiBum.pl\" \/>\n<meta property=\"og:description\" content=\"Sierpie\u0144 nie jest najbardziej narciarskim miesi\u0105cem roku &#8211; przynajmniej na p\u00f3\u0142kuli p\u00f3\u0142nocnej. Je\u017adzi si\u0119 jednak na po\u0142udniu globu, a o\u015brodki na p\u00f3\u0142nocy szykuj\u0105 nowe atrakcje, inwestuj\u0105 i przygotowuj\u0105 si\u0119 do zimy! Sprawd\u017amy zatem, co szykuj\u0105 dla nas w Szczyr&#8230; w Pakistanie i Arabii Saudyjskiej. Mo\u017ce sprawdzi\u0107 tak\u017ce, czy Wasze narty pasuj\u0105 do Waszego samochodu, jak &hellip; Czytaj dalej NEWSKI &#8211; SIERPIE\u0143 2025\" \/>\n<meta property=\"og:url\" content=\"https:\/\/www.skibum.pl\/index.php\/newski-sierpien-2025\/\" \/>\n<meta property=\"og:site_name\" content=\"SkiBum.pl\" \/>\n<meta property=\"article:modified_time\" content=\"2025-10-05T18:20:26+00:00\" \/>\n<meta property=\"og:image\" content=\"https:\/\/www.skibum.pl\/wp-content\/uploads\/2025\/09\/newski-e1756931247646.png\" \/>\n\t<meta property=\"og:image:width\" content=\"1524\" \/>\n\t<meta property=\"og:image:height\" content=\"599\" \/>\n<meta name=\"twitter:card\" content=\"summary_large_image\" \/>\n<meta name=\"twitter:label1\" content=\"Szacowany czas czytania\">\n\t<meta name=\"twitter:data1\" content=\"4 minuty\">\n<script type=\"application\/ld+json\" class=\"yoast-schema-graph\">{\"@context\":\"https:\/\/schema.org\",\"@graph\":[{\"@type\":[\"Person\",\"Organization\"],\"@id\":\"https:\/\/www.skibum.pl\/#\/schema\/person\/b74385c885ac19df4fcc5a6cfed5764f\",\"name\":\"skibum\",\"image\":{\"@type\":\"ImageObject\",\"@id\":\"https:\/\/www.skibum.pl\/#personlogo\",\"inLanguage\":\"pl-PL\",\"url\":\"http:\/\/skibum.pl\/wp-content\/uploads\/2021\/04\/miniatura.jpg\",\"contentUrl\":\"http:\/\/skibum.pl\/wp-content\/uploads\/2021\/04\/miniatura.jpg\",\"width\":542,\"height\":542,\"caption\":\"skibum\"},\"logo\":{\"@id\":\"https:\/\/www.skibum.pl\/#personlogo\"}},{\"@type\":\"WebSite\",\"@id\":\"https:\/\/www.skibum.pl\/#website\",\"url\":\"https:\/\/www.skibum.pl\/\",\"name\":\"SkiBum.pl\",\"description\":\"Sezon nie ko\\u0144czy si\\u0119 nigdy!\",\"publisher\":{\"@id\":\"https:\/\/www.skibum.pl\/#\/schema\/person\/b74385c885ac19df4fcc5a6cfed5764f\"},\"potentialAction\":[{\"@type\":\"SearchAction\",\"target\":\"https:\/\/www.skibum.pl\/?s={search_term_string}\",\"query-input\":\"required name=search_term_string\"}],\"inLanguage\":\"pl-PL\"},{\"@type\":\"ImageObject\",\"@id\":\"https:\/\/www.skibum.pl\/index.php\/newski-sierpien-2025\/#primaryimage\",\"inLanguage\":\"pl-PL\",\"url\":\"https:\/\/www.skibum.pl\/wp-content\/uploads\/2025\/09\/newski-e1756931247646.png\",\"contentUrl\":\"https:\/\/www.skibum.pl\/wp-content\/uploads\/2025\/09\/newski-e1756931247646.png\",\"width\":1524,\"height\":599},{\"@type\":\"WebPage\",\"@id\":\"https:\/\/www.skibum.pl\/index.php\/newski-sierpien-2025\/#webpage\",\"url\":\"https:\/\/www.skibum.pl\/index.php\/newski-sierpien-2025\/\",\"name\":\"NEWSKI - SIERPIE\\u0143 2025 - SkiBum.pl\",\"isPartOf\":{\"@id\":\"https:\/\/www.skibum.pl\/#website\"},\"primaryImageOfPage\":{\"@id\":\"https:\/\/www.skibum.pl\/index.php\/newski-sierpien-2025\/#primaryimage\"},\"datePublished\":\"2025-09-03T22:25:48+00:00\",\"dateModified\":\"2025-10-05T18:20:26+00:00\",\"breadcrumb\":{\"@id\":\"https:\/\/www.skibum.pl\/index.php\/newski-sierpien-2025\/#breadcrumb\"},\"inLanguage\":\"pl-PL\",\"potentialAction\":[{\"@type\":\"ReadAction\",\"target\":[\"https:\/\/www.skibum.pl\/index.php\/newski-sierpien-2025\/\"]}]},{\"@type\":\"BreadcrumbList\",\"@id\":\"https:\/\/www.skibum.pl\/index.php\/newski-sierpien-2025\/#breadcrumb\",\"itemListElement\":[{\"@type\":\"ListItem\",\"position\":1,\"item\":{\"@type\":\"WebPage\",\"@id\":\"https:\/\/www.skibum.pl\/\",\"url\":\"https:\/\/www.skibum.pl\/\",\"name\":\"Strona g\\u0142\\u00f3wna\"}},{\"@type\":\"ListItem\",\"position\":2,\"item\":{\"@type\":\"WebPage\",\"@id\":\"https:\/\/www.skibum.pl\/index.php\/newski-sierpien-2025\/\",\"url\":\"https:\/\/www.skibum.pl\/index.php\/newski-sierpien-2025\/\",\"name\":\"NEWSKI &#8211; SIERPIE\\u0143 2025\"}}]}]}<\/script>\n<!-- \/ Yoast SEO plugin. -->","_links":{"self":[{"href":"https:\/\/www.skibum.pl\/index.php\/wp-json\/wp\/v2\/pages\/6172"}],"collection":[{"href":"https:\/\/www.skibum.pl\/index.php\/wp-json\/wp\/v2\/pages"}],"about":[{"href":"https:\/\/www.skibum.pl\/index.php\/wp-json\/wp\/v2\/types\/page"}],"author":[{"embeddable":true,"href":"https:\/\/www.skibum.pl\/index.php\/wp-json\/wp\/v2\/users\/1"}],"replies":[{"embeddable":true,"href":"https:\/\/www.skibum.pl\/index.php\/wp-json\/wp\/v2\/comments?post=6172"}],"version-history":[{"count":24,"href":"https:\/\/www.skibum.pl\/index.php\/wp-json\/wp\/v2\/pages\/6172\/revisions"}],"predecessor-version":[{"id":6231,"href":"https:\/\/www.skibum.pl\/index.php\/wp-json\/wp\/v2\/pages\/6172\/revisions\/6231"}],"wp:featuredmedia":[{"embeddable":true,"href":"https:\/\/www.skibum.pl\/index.php\/wp-json\/wp\/v2\/media\/6163"}],"wp:attachment":[{"href":"https:\/\/www.skibum.pl\/index.php\/wp-json\/wp\/v2\/media?parent=6172"}],"curies":[{"name":"wp","href":"https:\/\/api.w.org\/{rel}","templated":true}]}}