{"id":6219,"date":"2025-10-05T18:15:19","date_gmt":"2025-10-05T18:15:19","guid":{"rendered":"https:\/\/www.skibum.pl\/?page_id=6219"},"modified":"2025-11-02T18:00:04","modified_gmt":"2025-11-02T18:00:04","slug":"newski-wrzesien-2025","status":"publish","type":"page","link":"https:\/\/www.skibum.pl\/index.php\/newski-wrzesien-2025\/","title":{"rendered":"NEWSKI &#8211; WRZESIE\u0143 2025"},"content":{"rendered":"<h3>Wrzesie\u0144 to czas, gdy na po\u0142udniowej p\u00f3\u0142kuli zima si\u0119 ko\u0144czy, na po\u0142udniowej jeszcze nie zaczyna, zatem przegl\u0105d artyku\u0142\u00f3w z wrze\u015bnia b\u0119dzie do\u015b\u0107 refleksyjny. Sprawdzimy czy planeta p\u0142onie tak\u017ce od spodu i czy ruskie drony strasz\u0105 w Karpatach. Dowiemy si\u0119 dlaczego narciarstwo w Stanach jest naprawd\u0119 \u201eekskluzywne\u201d, czy Fin\u00f3w obchodzi zesz\u0142oroczny \u015bnieg oraz co si\u0119 dzieje, gdy zamiast temperatury, na minusie s\u0105 rachunki.<\/h3>\n<h1>Po czym skacz\u0105 kangury?<\/h1>\n<p>Niedawno kto\u015b mnie ob\u015bmia\u0142 za pisanie o \u201eaustralijskich o\u015brodkach narciarskich\u201d, gdy\u017c zapewne my\u015bla\u0142, \u017ce pomyli\u0142em je z austriackimi. Tymczasem kangury maj\u0105 po czym je\u017adzi\u0107, aczkolwiek z roku na roku jest tego coraz mniej. Cho\u0107 tegoroczna \u201edostawa\u201d \u015bniegu by\u0142a najwi\u0119ksza od kilku lat, to d\u0142ugoteminowy trend pokazuje coraz mniejsze opady, co dla ni\u017cej po\u0142o\u017conych o\u015brodk\u00f3w mo\u017ce by\u0107 wyrokiem. Komu zatem zdarzy\u0142o si\u0119 zes*a\u0107 si\u0119 na widok \u015bniegu i prze\u015bmiewczo pisa\u0107, \u017ce \u201ehaha, planeta p\u0142onie\u201d, niech rzuci okiem na dane z po\u0142udniowej p\u00f3\u0142kuli \u2013 wszak o ociepleniu mowi si\u0119 \u201eglobalne\u201d, a nie \u201egminne\u201d czy \u201epowiatowe\u201d.<\/p>\n<p><a href=\"https:\/\/www.abc.net.au\/news\/2025-09-24\/climate-change-impacted-2025-snow-season\/105808698?\" target=\"_blank\" rel=\"noopener\">https:\/\/www.abc.net.au\/<\/a><\/p>\n<figure id=\"attachment_6225\" aria-describedby=\"caption-attachment-6225\" style=\"width: 833px\" class=\"wp-caption aligncenter\"><img loading=\"lazy\" class=\"wp-image-6225 size-full\" src=\"https:\/\/www.skibum.pl\/wp-content\/uploads\/2025\/10\/Zrzut-ekranu-2025-10-05-183537.png\" alt=\"\" width=\"833\" height=\"557\" srcset=\"https:\/\/www.skibum.pl\/wp-content\/uploads\/2025\/10\/Zrzut-ekranu-2025-10-05-183537.png 833w, https:\/\/www.skibum.pl\/wp-content\/uploads\/2025\/10\/Zrzut-ekranu-2025-10-05-183537-300x201.png 300w, https:\/\/www.skibum.pl\/wp-content\/uploads\/2025\/10\/Zrzut-ekranu-2025-10-05-183537-768x514.png 768w\" sizes=\"(max-width: 767px) 89vw, (max-width: 1000px) 54vw, (max-width: 1071px) 543px, 580px\" \/><figcaption id=\"caption-attachment-6225\" class=\"wp-caption-text\">Widok znany i naszych stron &#8211; na g\u00f3rze bia\u0142o, na dole \u015bnieg tylko tam, gdzie na\u015bnie\u017cono. (Fot. Alleve)<\/figcaption><\/figure>\n<h1>Na zachodzie bez zmian? Niekoniecznie..<\/h1>\n<p>Cho\u0107 wi\u0119kszo\u015b\u0107 \u015bwiata kojarzy Ukrain\u0119 z wojn\u0105, to na zachodzie Ukrainy, w Karpatach, trwa budowa o\u015brodka narciarskiego za 1,5 miliarda dolar\u00f3w. Projekt GORO Mountain Resort ma powsta\u0107 niedaleko Lwowa i obejmowa\u0107 41 tras, kilkana\u015bcie wyci\u0105g\u00f3w oraz liczne hotele i restauracje; sta\u0142 si\u0119 te\u017c symbolem nadziei i inwestycji w przysz\u0142o\u015b\u0107 kraju po wojnie. Autorzy podkre\u015blaj\u0105, \u017ce region jest wzgl\u0119dnie bezpieczny, a prace maj\u0105 by\u0107 kontynuowane mimo trudnych reali\u00f3w.<\/p>\n<p><a href=\"https:\/\/snowbrains.com\/amid-war-ukraine-builds-hope-in-the-shape-of-a-new-ski-resort\/\" target=\"_blank\" rel=\"noopener\">https:\/\/snowbrains.com\/<\/a><\/p>\n<figure id=\"attachment_6221\" aria-describedby=\"caption-attachment-6221\" style=\"width: 525px\" class=\"wp-caption aligncenter\"><img loading=\"lazy\" class=\"wp-image-6221 size-large\" src=\"https:\/\/www.skibum.pl\/wp-content\/uploads\/2025\/10\/IMG_1124-e1758600533920-1200x867-1-1024x740.jpeg\" alt=\"\" width=\"525\" height=\"379\" srcset=\"https:\/\/www.skibum.pl\/wp-content\/uploads\/2025\/10\/IMG_1124-e1758600533920-1200x867-1-1024x740.jpeg 1024w, https:\/\/www.skibum.pl\/wp-content\/uploads\/2025\/10\/IMG_1124-e1758600533920-1200x867-1-300x217.jpeg 300w, https:\/\/www.skibum.pl\/wp-content\/uploads\/2025\/10\/IMG_1124-e1758600533920-1200x867-1-768x555.jpeg 768w, https:\/\/www.skibum.pl\/wp-content\/uploads\/2025\/10\/IMG_1124-e1758600533920-1200x867-1.jpeg 1200w\" sizes=\"(max-width: 525px) 100vw, 525px\" \/><figcaption id=\"caption-attachment-6221\" class=\"wp-caption-text\">Fot. OKKO Group<\/figcaption><\/figure>\n<div class=\"mceTemp\"><\/div>\n<h1>Ameryka\u0144ska polityka ekskluzywno\u015bci<\/h1>\n<p>Stany Zjednoczone znane s\u0105 jako pa\u0144stwo \u201epay to play\u201d, jako \u017ce aby si\u0119 w nich wyleczy\u0107 czy wyedukowa\u0107, trzeba s\u0142ono zap\u0142aci\u0107. Narciarstwo tak\u017ce nie nale\u017cy do tanich, a w najbli\u017cszym sezonie ceny jednodniowych karnet\u00f3w w topowych o\u015brodkach przekrocz\u0105 300 dolar\u00f3w. Du\u017ce o\u015brodki staraj\u0105 si\u0119 zach\u0119ci\u0107 narciarzy do kupowania karnet\u00f3w sezonowych i utrzymania mniej licznej, ale sta\u0142ej i regularnie powracaj\u0105cej grupy zamo\u017cnych go\u015bci kosztem okazjonalnych narciarzy, kt\u00f3rzy wraz z rodzinami mog\u0105 wybra\u0107 mniejsze i ta\u0144sze lokalne o\u015brodki. Czy to dobra strategia? No c\u00f3\u017c, wydaje si\u0119 coraz lepsza z ka\u017cd\u0105 minut\u0105 stania w kolejce do \u201eLuxtorpedy\u201d&#8230;<\/p>\n<p><a href=\"https:\/\/cowboystatedaily.com\/2025\/08\/31\/winter-of-300-lift-tickets-looms-as-rising-costs-price-out-wyoming-skiers\/\" target=\"_blank\" rel=\"noopener\">https:\/\/cowboystatedaily.com<\/a><\/p>\n<div class=\"mceTemp\"><\/div>\n<figure id=\"attachment_6222\" aria-describedby=\"caption-attachment-6222\" style=\"width: 525px\" class=\"wp-caption aligncenter\"><img loading=\"lazy\" class=\"wp-image-6222 size-large\" src=\"https:\/\/www.skibum.pl\/wp-content\/uploads\/2025\/10\/Zrzut-ekranu-2025-10-05-183146-1024x577.png\" alt=\"\" width=\"525\" height=\"296\" srcset=\"https:\/\/www.skibum.pl\/wp-content\/uploads\/2025\/10\/Zrzut-ekranu-2025-10-05-183146-1024x577.png 1024w, https:\/\/www.skibum.pl\/wp-content\/uploads\/2025\/10\/Zrzut-ekranu-2025-10-05-183146-300x169.png 300w, https:\/\/www.skibum.pl\/wp-content\/uploads\/2025\/10\/Zrzut-ekranu-2025-10-05-183146-768x433.png 768w, https:\/\/www.skibum.pl\/wp-content\/uploads\/2025\/10\/Zrzut-ekranu-2025-10-05-183146.png 1122w\" sizes=\"(max-width: 525px) 100vw, 525px\" \/><figcaption id=\"caption-attachment-6222\" class=\"wp-caption-text\">W Stanach powstaj\u0105 fundacje, kt\u00f3re dofinansowuj\u0105 dzieciom dost\u0119p do stok\u00f3w narciarskich&#8230; Fot. Share Winter\/Coomb Foundation<\/figcaption><\/figure>\n<h1>Kogo obchodzi zesz\u0142oroczny \u015bnieg?<\/h1>\n<p>Podczas gdy wi\u0119kszo\u015b\u0107 Europy jeszcze my\u015bla\u0142a o jesiennych grzybach, w Finlandii ju\u017c szykowali stoki. O\u015brodki Levi i Ruka przygotowa\u0142y stoki na otwarcie sezonu, korzystaj\u0105c ze \u015bniegu przechowanego\u2026 z poprzedniej zimy. Dzi\u0119ki technologii <em>snow farmingu<\/em>, czyli magazynowania \u015bniegu pod izolacyjnymi trocinami i w\u0142\u00f3knin\u0105, przechowano oko\u0142o 300 000 m\u00b3 \u015bniegu, kt\u00f3ry we wrze\u015bniu wr\u00f3ci\u0142 na stoki w postaci bia\u0142ego dywanu. W \u015bwiecie, gdzie klimat coraz cz\u0119\u015bciej p\u0142ata figle, Finowie po prostu postanowili przechowa\u0107 zim\u0119 na p\u00f3\u017aniej. Sprytne i perspektywiczne rozwi\u0105zanie.<\/p>\n<p><a href=\"https:\/\/snowstash.com\/news\/2025\/09\/finnish-resorts-snow-farming-early-opening\" target=\"_blank\" rel=\"noopener\">https:\/\/snowstash.com\/<\/a><\/p>\n<div class=\"mceTemp\"><\/div>\n<figure id=\"attachment_6223\" aria-describedby=\"caption-attachment-6223\" style=\"width: 525px\" class=\"wp-caption aligncenter\"><img loading=\"lazy\" class=\"wp-image-6223 size-large\" src=\"https:\/\/www.skibum.pl\/wp-content\/uploads\/2025\/10\/Zrzut-ekranu-2025-10-05-183220-1024x704.png\" alt=\"\" width=\"525\" height=\"361\" srcset=\"https:\/\/www.skibum.pl\/wp-content\/uploads\/2025\/10\/Zrzut-ekranu-2025-10-05-183220-1024x704.png 1024w, https:\/\/www.skibum.pl\/wp-content\/uploads\/2025\/10\/Zrzut-ekranu-2025-10-05-183220-300x206.png 300w, https:\/\/www.skibum.pl\/wp-content\/uploads\/2025\/10\/Zrzut-ekranu-2025-10-05-183220-768x528.png 768w, https:\/\/www.skibum.pl\/wp-content\/uploads\/2025\/10\/Zrzut-ekranu-2025-10-05-183220.png 1027w\" sizes=\"(max-width: 525px) 100vw, 525px\" \/><figcaption id=\"caption-attachment-6223\" class=\"wp-caption-text\">Fot. Levi Ski Resort<\/figcaption><\/figure>\n<h1>Gdy zamiast temperatury spadaj\u0105 zyski.<\/h1>\n<p>Norweski o\u015brodek na lodowcu Fonna &#8211; jedno z ostatnich miejsc w Europie oferuj\u0105cych letnie narciarstwo &#8211; niemal na pewno zako\u0144czy dzia\u0142alno\u015b\u0107 na sta\u0142e. Po bankructwie operatora i zawaleniu si\u0119 g\u0142\u00f3wnego wyci\u0105gu, nie ma ju\u017c komu ani czego ratowa\u0107. Lodowiec Folgefonna kurczy si\u0119 z roku na rok i cho\u0107 przez wiele lat by\u0142 symbolem \u201ewiecznej zimy\u201d, dzi\u015b staje si\u0119 raczej przestrog\u0105, \u017ce nawet najlepszy \u015bnieg nie wytrzyma globalnego ocieplenia i&#8230; ksi\u0119gowych.<\/p>\n<p><a href=\"https:\/\/unofficialnetworks.com\/2025\/09\/09\/glacier-ski-resort-closed-collapse\/\" target=\"_blank\" rel=\"noopener\">https:\/\/unofficialnetworks.com\/<\/a><\/p>\n<figure id=\"attachment_6224\" aria-describedby=\"caption-attachment-6224\" style=\"width: 892px\" class=\"wp-caption aligncenter\"><img loading=\"lazy\" class=\"wp-image-6224 size-full\" src=\"https:\/\/www.skibum.pl\/wp-content\/uploads\/2025\/10\/Zrzut-ekranu-2025-10-05-183255.png\" alt=\"\" width=\"892\" height=\"503\" srcset=\"https:\/\/www.skibum.pl\/wp-content\/uploads\/2025\/10\/Zrzut-ekranu-2025-10-05-183255.png 892w, https:\/\/www.skibum.pl\/wp-content\/uploads\/2025\/10\/Zrzut-ekranu-2025-10-05-183255-300x169.png 300w, https:\/\/www.skibum.pl\/wp-content\/uploads\/2025\/10\/Zrzut-ekranu-2025-10-05-183255-768x433.png 768w\" sizes=\"(max-width: 767px) 89vw, (max-width: 1000px) 54vw, (max-width: 1071px) 543px, 580px\" \/><figcaption id=\"caption-attachment-6224\" class=\"wp-caption-text\">Upadaj\u0105cy o\u015brodek: topniej\u0105cy lodowiec i ton\u0105cy wyci\u0105g. (Fot. Folgefonni Bref\u00f8rarlag)<\/figcaption><\/figure>\n<p>&nbsp;<\/p>\n<h2 style=\"text-align: center;\"><a href=\"https:\/\/www.skibum.pl\/index.php\/newski-newsletter-skibum-pl\/\">POWR\u00d3T<\/a><\/h2>\n","protected":false},"excerpt":{"rendered":"<p>Wrzesie\u0144 to czas, gdy na po\u0142udniowej p\u00f3\u0142kuli zima si\u0119 ko\u0144czy, na po\u0142udniowej jeszcze nie zaczyna, zatem przegl\u0105d artyku\u0142\u00f3w z wrze\u015bnia b\u0119dzie do\u015b\u0107 refleksyjny. Sprawdzimy czy planeta p\u0142onie tak\u017ce od spodu i czy ruskie drony strasz\u0105 w Karpatach. Dowiemy si\u0119 dlaczego narciarstwo w Stanach jest naprawd\u0119 \u201eekskluzywne\u201d, czy Fin\u00f3w obchodzi zesz\u0142oroczny \u015bnieg oraz co si\u0119 dzieje, &hellip; <\/p>\n<p class=\"link-more\"><a href=\"https:\/\/www.skibum.pl\/index.php\/newski-wrzesien-2025\/\" class=\"more-link\">Czytaj dalej<span class=\"screen-reader-text\"> NEWSKI &#8211; WRZESIE\u0143 2025<\/span><\/a><\/p>\n","protected":false},"author":1,"featured_media":6165,"parent":0,"menu_order":0,"comment_status":"closed","ping_status":"closed","template":"","meta":[],"yoast_head":"<!-- This site is optimized with the Yoast SEO plugin v16.1.1 - https:\/\/yoast.com\/wordpress\/plugins\/seo\/ -->\n<title>NEWSKI - WRZESIE\u0143 2025 - SkiBum.pl<\/title>\n<link rel=\"canonical\" href=\"https:\/\/www.skibum.pl\/index.php\/newski-wrzesien-2025\/\" \/>\n<meta property=\"og:locale\" content=\"pl_PL\" \/>\n<meta property=\"og:type\" content=\"article\" \/>\n<meta property=\"og:title\" content=\"NEWSKI - WRZESIE\u0143 2025 - SkiBum.pl\" \/>\n<meta property=\"og:description\" content=\"Wrzesie\u0144 to czas, gdy na po\u0142udniowej p\u00f3\u0142kuli zima si\u0119 ko\u0144czy, na po\u0142udniowej jeszcze nie zaczyna, zatem przegl\u0105d artyku\u0142\u00f3w z wrze\u015bnia b\u0119dzie do\u015b\u0107 refleksyjny. Sprawdzimy czy planeta p\u0142onie tak\u017ce od spodu i czy ruskie drony strasz\u0105 w Karpatach. Dowiemy si\u0119 dlaczego narciarstwo w Stanach jest naprawd\u0119 \u201eekskluzywne\u201d, czy Fin\u00f3w obchodzi zesz\u0142oroczny \u015bnieg oraz co si\u0119 dzieje, &hellip; Czytaj dalej NEWSKI &#8211; WRZESIE\u0143 2025\" \/>\n<meta property=\"og:url\" content=\"https:\/\/www.skibum.pl\/index.php\/newski-wrzesien-2025\/\" \/>\n<meta property=\"og:site_name\" content=\"SkiBum.pl\" \/>\n<meta property=\"article:modified_time\" content=\"2025-11-02T18:00:04+00:00\" \/>\n<meta property=\"og:image\" content=\"https:\/\/www.skibum.pl\/wp-content\/uploads\/2025\/09\/newski-1-e1756931362690.png\" \/>\n\t<meta property=\"og:image:width\" content=\"1524\" \/>\n\t<meta property=\"og:image:height\" content=\"721\" \/>\n<meta name=\"twitter:card\" content=\"summary_large_image\" \/>\n<meta name=\"twitter:label1\" content=\"Szacowany czas czytania\">\n\t<meta name=\"twitter:data1\" content=\"4 minuty\">\n<script type=\"application\/ld+json\" class=\"yoast-schema-graph\">{\"@context\":\"https:\/\/schema.org\",\"@graph\":[{\"@type\":[\"Person\",\"Organization\"],\"@id\":\"https:\/\/www.skibum.pl\/#\/schema\/person\/b74385c885ac19df4fcc5a6cfed5764f\",\"name\":\"skibum\",\"image\":{\"@type\":\"ImageObject\",\"@id\":\"https:\/\/www.skibum.pl\/#personlogo\",\"inLanguage\":\"pl-PL\",\"url\":\"http:\/\/skibum.pl\/wp-content\/uploads\/2021\/04\/miniatura.jpg\",\"contentUrl\":\"http:\/\/skibum.pl\/wp-content\/uploads\/2021\/04\/miniatura.jpg\",\"width\":542,\"height\":542,\"caption\":\"skibum\"},\"logo\":{\"@id\":\"https:\/\/www.skibum.pl\/#personlogo\"}},{\"@type\":\"WebSite\",\"@id\":\"https:\/\/www.skibum.pl\/#website\",\"url\":\"https:\/\/www.skibum.pl\/\",\"name\":\"SkiBum.pl\",\"description\":\"Sezon nie ko\\u0144czy si\\u0119 nigdy!\",\"publisher\":{\"@id\":\"https:\/\/www.skibum.pl\/#\/schema\/person\/b74385c885ac19df4fcc5a6cfed5764f\"},\"potentialAction\":[{\"@type\":\"SearchAction\",\"target\":\"https:\/\/www.skibum.pl\/?s={search_term_string}\",\"query-input\":\"required name=search_term_string\"}],\"inLanguage\":\"pl-PL\"},{\"@type\":\"ImageObject\",\"@id\":\"https:\/\/www.skibum.pl\/index.php\/newski-wrzesien-2025\/#primaryimage\",\"inLanguage\":\"pl-PL\",\"url\":\"https:\/\/www.skibum.pl\/wp-content\/uploads\/2025\/09\/newski-1-e1756931362690.png\",\"contentUrl\":\"https:\/\/www.skibum.pl\/wp-content\/uploads\/2025\/09\/newski-1-e1756931362690.png\",\"width\":1524,\"height\":721},{\"@type\":\"WebPage\",\"@id\":\"https:\/\/www.skibum.pl\/index.php\/newski-wrzesien-2025\/#webpage\",\"url\":\"https:\/\/www.skibum.pl\/index.php\/newski-wrzesien-2025\/\",\"name\":\"NEWSKI - WRZESIE\\u0143 2025 - SkiBum.pl\",\"isPartOf\":{\"@id\":\"https:\/\/www.skibum.pl\/#website\"},\"primaryImageOfPage\":{\"@id\":\"https:\/\/www.skibum.pl\/index.php\/newski-wrzesien-2025\/#primaryimage\"},\"datePublished\":\"2025-10-05T18:15:19+00:00\",\"dateModified\":\"2025-11-02T18:00:04+00:00\",\"breadcrumb\":{\"@id\":\"https:\/\/www.skibum.pl\/index.php\/newski-wrzesien-2025\/#breadcrumb\"},\"inLanguage\":\"pl-PL\",\"potentialAction\":[{\"@type\":\"ReadAction\",\"target\":[\"https:\/\/www.skibum.pl\/index.php\/newski-wrzesien-2025\/\"]}]},{\"@type\":\"BreadcrumbList\",\"@id\":\"https:\/\/www.skibum.pl\/index.php\/newski-wrzesien-2025\/#breadcrumb\",\"itemListElement\":[{\"@type\":\"ListItem\",\"position\":1,\"item\":{\"@type\":\"WebPage\",\"@id\":\"https:\/\/www.skibum.pl\/\",\"url\":\"https:\/\/www.skibum.pl\/\",\"name\":\"Strona g\\u0142\\u00f3wna\"}},{\"@type\":\"ListItem\",\"position\":2,\"item\":{\"@type\":\"WebPage\",\"@id\":\"https:\/\/www.skibum.pl\/index.php\/newski-wrzesien-2025\/\",\"url\":\"https:\/\/www.skibum.pl\/index.php\/newski-wrzesien-2025\/\",\"name\":\"NEWSKI &#8211; WRZESIE\\u0143 2025\"}}]}]}<\/script>\n<!-- \/ Yoast SEO plugin. -->","_links":{"self":[{"href":"https:\/\/www.skibum.pl\/index.php\/wp-json\/wp\/v2\/pages\/6219"}],"collection":[{"href":"https:\/\/www.skibum.pl\/index.php\/wp-json\/wp\/v2\/pages"}],"about":[{"href":"https:\/\/www.skibum.pl\/index.php\/wp-json\/wp\/v2\/types\/page"}],"author":[{"embeddable":true,"href":"https:\/\/www.skibum.pl\/index.php\/wp-json\/wp\/v2\/users\/1"}],"replies":[{"embeddable":true,"href":"https:\/\/www.skibum.pl\/index.php\/wp-json\/wp\/v2\/comments?post=6219"}],"version-history":[{"count":6,"href":"https:\/\/www.skibum.pl\/index.php\/wp-json\/wp\/v2\/pages\/6219\/revisions"}],"predecessor-version":[{"id":6236,"href":"https:\/\/www.skibum.pl\/index.php\/wp-json\/wp\/v2\/pages\/6219\/revisions\/6236"}],"wp:featuredmedia":[{"embeddable":true,"href":"https:\/\/www.skibum.pl\/index.php\/wp-json\/wp\/v2\/media\/6165"}],"wp:attachment":[{"href":"https:\/\/www.skibum.pl\/index.php\/wp-json\/wp\/v2\/media?parent=6219"}],"curies":[{"name":"wp","href":"https:\/\/api.w.org\/{rel}","templated":true}]}}