{"id":6253,"date":"2025-12-09T23:36:16","date_gmt":"2025-12-09T23:36:16","guid":{"rendered":"https:\/\/www.skibum.pl\/?page_id=6253"},"modified":"2025-12-09T23:44:06","modified_gmt":"2025-12-09T23:44:06","slug":"newski-listopad-2025","status":"publish","type":"page","link":"https:\/\/www.skibum.pl\/index.php\/newski-listopad-2025\/","title":{"rendered":"NEWSKI &#8211; LISTOPAD 2025"},"content":{"rendered":"<h3>Jak co miesi\u0105c wybra\u0142em dla Was 5 ciekawych, listopadowych niusk\u00f3w z narciarskiego \u015bwiata i bran\u017cowych portali. W najnowszym Newsletterze NEWSKI wyczytacie mi\u0119dzy innymi, jak\u0105 zagadk\u0119 musz\u0105 rozwik\u0142a\u0107 deniali\u015bci klimatyczni, o co maj\u0105 b\u00f3l du*y narciarscy wyborcy Konfederacji, w jakim spisku nie bior\u0105 udzia\u0142u Szwajcarzy (tym razem), jak chomiki inspiruj\u0105 przemys\u0142 narciarski oraz na co uodporni\u0142y nas billboardy przy Zakopiance!<\/h3>\n<h1>Mo\u017ce klimat si\u0119 nie ociepla, ale za to nie ma \u015bniegu<\/h1>\n<p>Czyta\u0142em niedawno, \u017ce pod koniec wieku narciarstwo uprawia\u0107 si\u0119 b\u0119dzie g\u0142\u00f3wnie na wysoko\u015bci 2500 m.n.p.m. Pisz\u0105 to g\u0142\u00f3wnie ludzie kt\u00f3rzy nie s\u0105 w stanie z grubsza przewidzie\u0107 najbli\u017cszej zimy, ale faktem jest \u017ce z roku na roku robi si\u0119 cieplej i w efekcie ni\u017cej po\u0142o\u017cone o\u015brodki zmagaj\u0105 si\u0119 z brakiem \u015bniegu, a nawet s\u0105 zamykane. Ostatni\u0105 tak\u0105 ofiar\u0105 jest francuskie C\u00e9\u00fcze w kt\u00f3rym w tym roku rozpocz\u0119to demonta\u017c wyci\u0105g\u00f3w. O problemie szerzej napisa\u0142 Onet, a ci, kt\u00f3rzy nie wierz\u0105 w zmiany klimatu musz\u0105 teraz wymy\u015bli\u0107 gdzie podzia\u0142 si\u0119 ten \u015bnieg.<\/p>\n<p><a href=\"https:\/\/www.onet.pl\/informacje\/deutsche-welle\/sniegu-nie-ma-i-nie-bedzie-francuski-kurort-demontuje-wyciagi-narciarskie\/59r40pr,0666d3f1\" target=\"_blank\" rel=\"noopener\"><strong>LINK: Onet.pl<\/strong><\/a><\/p>\n<p><img loading=\"lazy\" class=\"aligncenter wp-image-6255 size-full\" src=\"https:\/\/www.skibum.pl\/wp-content\/uploads\/2025\/12\/20251208_185531636_iOS.jpg\" alt=\"\" width=\"900\" height=\"521\" srcset=\"https:\/\/www.skibum.pl\/wp-content\/uploads\/2025\/12\/20251208_185531636_iOS.jpg 900w, https:\/\/www.skibum.pl\/wp-content\/uploads\/2025\/12\/20251208_185531636_iOS-300x174.jpg 300w, https:\/\/www.skibum.pl\/wp-content\/uploads\/2025\/12\/20251208_185531636_iOS-768x445.jpg 768w\" sizes=\"(max-width: 767px) 89vw, (max-width: 1000px) 54vw, (max-width: 1071px) 543px, 580px\" \/><\/p>\n<h1>Czy Avoriaz zwariowa\u0142?<\/h1>\n<p>Pojazdy elektryczne to symbol drogi do zeroemisyjnego transportu i przyczyna b\u00f3lu dupy wyborc\u00f3w Konfederacji. Warto wiedzie\u0107, \u017ce dr\u00f3g do obni\u017cania emisji CO2 jest wiele, a jedn\u0105 z nich jest u\u017cywanie syntetycznych paliw. Czyli: bierzemy silnik spalinowy, ale u\u017cywamy do niego bardziej ekologicznego paliwa. Takim w\u0142a\u015bnie paliwem s\u0105 od teraz zasilane wszystkie tartaki w o\u015brodku Avoriaz. Chcecie powiedzie\u0107 \u017ce \u201eEuropa zwariowa\u0142a\u201d i \u201echce zbawi\u0107 planet\u0119\u201d? No c\u00f3\u017c, kto\u015b musi by\u0107 frontrunnerem. Szczeg\u00f3\u0142y w artykule serwisu We Love 2 Ski:<\/p>\n<p><strong><a href=\"https:\/\/welove2ski.com\/avoriaz-goes-green-100-renewable-snow-grooming-leads-the-way\/\" target=\"_blank\" rel=\"noopener\">LINK: welove2ski.com<\/a><\/strong><\/p>\n<div class=\"mceTemp\"><\/div>\n<figure id=\"attachment_6256\" aria-describedby=\"caption-attachment-6256\" style=\"width: 525px\" class=\"wp-caption aligncenter\"><img loading=\"lazy\" class=\"wp-image-6256 size-large\" src=\"https:\/\/www.skibum.pl\/wp-content\/uploads\/2025\/12\/20251209_212018140_iOS-1024x683.jpg\" alt=\"\" width=\"525\" height=\"350\" srcset=\"https:\/\/www.skibum.pl\/wp-content\/uploads\/2025\/12\/20251209_212018140_iOS-1024x683.jpg 1024w, https:\/\/www.skibum.pl\/wp-content\/uploads\/2025\/12\/20251209_212018140_iOS-300x200.jpg 300w, https:\/\/www.skibum.pl\/wp-content\/uploads\/2025\/12\/20251209_212018140_iOS-768x512.jpg 768w, https:\/\/www.skibum.pl\/wp-content\/uploads\/2025\/12\/20251209_212018140_iOS.jpg 1200w\" sizes=\"(max-width: 525px) 100vw, 525px\" \/><figcaption id=\"caption-attachment-6256\" class=\"wp-caption-text\">Fot.: welove2ski.com<\/figcaption><\/figure>\n<h1>GangsterSKI \u015bwiat<\/h1>\n<p>Chcecie kupi\u0107 narty, ale nie mo\u017cecie znale\u017a\u0107 \u017cadnej ta\u0144szej alternatywy dla wypatrzonego modelu? No c\u00f3\u017c, by\u0107 mo\u017ce to SPISEK\u2026 Komisja EU przygl\u0105da si\u0119 trzem firmom: Fischerowi (Austriacy), Blizzardowi (tu uwik\u0142ani s\u0105 W\u0142osi) i Atomicowi (w kt\u00f3rym maczaj\u0105 palce Finowie i Chi\u0144czycy) pod k\u0105tem potencjalnej zmowy cenowej. Poza podejrzeniami jest szwajcarski St\u00f6ckli, no ale oni s\u0105 po prostu dro\u017csi. O szczeg\u00f3\u0142ach pisze serwis Snow Brains:<\/p>\n<p><strong><a href=\"https:\/\/snowbrains.com\/eu-commission-raids-headquarters-of-3-major-austrian-ski-brands-in-alleged-price-fixing-probe\/\" target=\"_blank\" rel=\"noopener\">LINK: snowbrains.com<\/a><\/strong><\/p>\n<div class=\"mceTemp\"><\/div>\n<figure id=\"attachment_6257\" aria-describedby=\"caption-attachment-6257\" style=\"width: 525px\" class=\"wp-caption aligncenter\"><img loading=\"lazy\" class=\"wp-image-6257 size-large\" src=\"https:\/\/www.skibum.pl\/wp-content\/uploads\/2025\/12\/20251208_190954927_iOS-1024x579.jpg\" alt=\"\" width=\"525\" height=\"297\" srcset=\"https:\/\/www.skibum.pl\/wp-content\/uploads\/2025\/12\/20251208_190954927_iOS-1024x579.jpg 1024w, https:\/\/www.skibum.pl\/wp-content\/uploads\/2025\/12\/20251208_190954927_iOS-300x170.jpg 300w, https:\/\/www.skibum.pl\/wp-content\/uploads\/2025\/12\/20251208_190954927_iOS-768x434.jpg 768w, https:\/\/www.skibum.pl\/wp-content\/uploads\/2025\/12\/20251208_190954927_iOS.jpg 1200w\" sizes=\"(max-width: 525px) 100vw, 525px\" \/><figcaption id=\"caption-attachment-6257\" class=\"wp-caption-text\">Grafika: snowbrains,com<\/figcaption><\/figure>\n<h1>Narciarskie inspiracje od&#8230; chomik\u00f3w<\/h1>\n<p>Wspomniane przeze mnie coraz cieplejsze zimy sprawiaj\u0105, \u017ce trwaj\u0105 poszukiwania jakich\u015b alternatyw dla jazdy po naturalnym \u015bniegu. Sam ju\u017c je\u017adzi\u0142em w hali, po piasku czy po igielicie. Teraz za inspiracj\u0119 pos\u0142u\u017cy\u0142 ko\u0142owrotek dla chomika &#8211; trwaj\u0105 prace nad obrotowym walcem, w kt\u00f3rym na nartach mo\u017cna by jecha\u0107 bez ko\u0144ca i to w dowolnym miejscu, i o dowolnej porze roku. Je\u015bli kr\u0119cenie si\u0119 w k\u00f3\u0142ko wydaje Wam si\u0119 bez sensu, pomy\u015blcie jak wygl\u0105da Wasza kariera zawodowa. Wi\u0119cej w serwisie J2SKi:<\/p>\n<p><strong><a href=\"https:\/\/www.j2ski.com\/ski-chat-forum\/posts\/list\/0\/21410\/snowtunnel-bring-guaranteed-urban-year-round-skiing.page\" target=\"_blank\" rel=\"noopener\">LINK: j2ski.com<\/a><\/strong><\/p>\n<div class=\"mceTemp\"><\/div>\n<figure id=\"attachment_6260\" aria-describedby=\"caption-attachment-6260\" style=\"width: 900px\" class=\"wp-caption aligncenter\"><img loading=\"lazy\" class=\"wp-image-6260 size-full\" src=\"https:\/\/www.skibum.pl\/wp-content\/uploads\/2025\/12\/20251208_190929128_iOS.jpg\" alt=\"\" width=\"900\" height=\"473\" srcset=\"https:\/\/www.skibum.pl\/wp-content\/uploads\/2025\/12\/20251208_190929128_iOS.jpg 900w, https:\/\/www.skibum.pl\/wp-content\/uploads\/2025\/12\/20251208_190929128_iOS-300x158.jpg 300w, https:\/\/www.skibum.pl\/wp-content\/uploads\/2025\/12\/20251208_190929128_iOS-768x404.jpg 768w\" sizes=\"(max-width: 767px) 89vw, (max-width: 1000px) 54vw, (max-width: 1071px) 543px, 580px\" \/><figcaption id=\"caption-attachment-6260\" class=\"wp-caption-text\">Grafika: J2ski.com<\/figcaption><\/figure>\n<h1>Szwajcarzy w ko\u0144cu chc\u0105 mie\u0107 co\u015b brzydkiego<\/h1>\n<p>W listopadzie media obieg\u0142a wiadomo\u015b\u0107, \u017ce w Szwajcarskim Zermatt stan\u0105\u0107 ma 260-metrowy drapacz chmur. News opatrzono do\u015b\u0107 brutalna wizualizacj\u0105, ale inne \u017ar\u00f3d\u0142a podaj\u0105, \u017ce z Zermatt pochodzi tylko projektant, a sam obiekt ma stan\u0105\u0107 w Valais. Dla Szwajcar\u00f3w to du\u017cy problem \u015brodowiskowo-krajobrazowy, ale my w Polsce, wychowani na obsranych billboardami szosach i oblepionych bannerami p\u0142otach tylko \u015bmiejemy si\u0119 z takich rozterek! Wi\u0119cej na stronie Skipedia:<\/p>\n<p><strong><a href=\"https:\/\/www.skipedia.co.uk\/2025\/11\/zermatt-considering-construction-of-260m-skyscraper\/\" target=\"_blank\" rel=\"noopener\">LINK: skipedia.co.uk<\/a><\/strong><\/p>\n<figure id=\"attachment_6261\" aria-describedby=\"caption-attachment-6261\" style=\"width: 525px\" class=\"wp-caption aligncenter\"><img loading=\"lazy\" class=\"wp-image-6261 size-large\" src=\"https:\/\/www.skibum.pl\/wp-content\/uploads\/2025\/12\/20251208_194322473_iOS-683x1024.jpg\" alt=\"\" width=\"525\" height=\"787\" srcset=\"https:\/\/www.skibum.pl\/wp-content\/uploads\/2025\/12\/20251208_194322473_iOS-683x1024.jpg 683w, https:\/\/www.skibum.pl\/wp-content\/uploads\/2025\/12\/20251208_194322473_iOS-200x300.jpg 200w, https:\/\/www.skibum.pl\/wp-content\/uploads\/2025\/12\/20251208_194322473_iOS-768x1152.jpg 768w, https:\/\/www.skibum.pl\/wp-content\/uploads\/2025\/12\/20251208_194322473_iOS.jpg 1024w\" sizes=\"(max-width: 525px) 100vw, 525px\" \/><figcaption id=\"caption-attachment-6261\" class=\"wp-caption-text\">Grafika: Skipedia.co.uk<\/figcaption><\/figure>\n<h2 style=\"text-align: center;\"><a href=\"https:\/\/www.skibum.pl\/index.php\/newski-newsletter-skibum-pl\/\">POWR\u00d3T<\/a><\/h2>\n","protected":false},"excerpt":{"rendered":"<p>Jak co miesi\u0105c wybra\u0142em dla Was 5 ciekawych, listopadowych niusk\u00f3w z narciarskiego \u015bwiata i bran\u017cowych portali. W najnowszym Newsletterze NEWSKI wyczytacie mi\u0119dzy innymi, jak\u0105 zagadk\u0119 musz\u0105 rozwik\u0142a\u0107 deniali\u015bci klimatyczni, o co maj\u0105 b\u00f3l du*y narciarscy wyborcy Konfederacji, w jakim spisku nie bior\u0105 udzia\u0142u Szwajcarzy (tym razem), jak chomiki inspiruj\u0105 przemys\u0142 narciarski oraz na co uodporni\u0142y &hellip; <\/p>\n<p class=\"link-more\"><a href=\"https:\/\/www.skibum.pl\/index.php\/newski-listopad-2025\/\" class=\"more-link\">Czytaj dalej<span class=\"screen-reader-text\"> NEWSKI &#8211; LISTOPAD 2025<\/span><\/a><\/p>\n","protected":false},"author":1,"featured_media":6165,"parent":0,"menu_order":0,"comment_status":"closed","ping_status":"closed","template":"","meta":[],"yoast_head":"<!-- This site is optimized with the Yoast SEO plugin v16.1.1 - https:\/\/yoast.com\/wordpress\/plugins\/seo\/ -->\n<title>NEWSKI - LISTOPAD 2025 - SkiBum.pl<\/title>\n<link rel=\"canonical\" href=\"https:\/\/www.skibum.pl\/index.php\/newski-listopad-2025\/\" \/>\n<meta property=\"og:locale\" content=\"pl_PL\" \/>\n<meta property=\"og:type\" content=\"article\" \/>\n<meta property=\"og:title\" content=\"NEWSKI - LISTOPAD 2025 - SkiBum.pl\" \/>\n<meta property=\"og:description\" content=\"Jak co miesi\u0105c wybra\u0142em dla Was 5 ciekawych, listopadowych niusk\u00f3w z narciarskiego \u015bwiata i bran\u017cowych portali. W najnowszym Newsletterze NEWSKI wyczytacie mi\u0119dzy innymi, jak\u0105 zagadk\u0119 musz\u0105 rozwik\u0142a\u0107 deniali\u015bci klimatyczni, o co maj\u0105 b\u00f3l du*y narciarscy wyborcy Konfederacji, w jakim spisku nie bior\u0105 udzia\u0142u Szwajcarzy (tym razem), jak chomiki inspiruj\u0105 przemys\u0142 narciarski oraz na co uodporni\u0142y &hellip; Czytaj dalej NEWSKI &#8211; LISTOPAD 2025\" \/>\n<meta property=\"og:url\" content=\"https:\/\/www.skibum.pl\/index.php\/newski-listopad-2025\/\" \/>\n<meta property=\"og:site_name\" content=\"SkiBum.pl\" \/>\n<meta property=\"article:modified_time\" content=\"2025-12-09T23:44:06+00:00\" \/>\n<meta property=\"og:image\" content=\"https:\/\/www.skibum.pl\/wp-content\/uploads\/2025\/09\/newski-1-e1756931362690.png\" \/>\n\t<meta property=\"og:image:width\" content=\"1524\" \/>\n\t<meta property=\"og:image:height\" content=\"721\" \/>\n<meta name=\"twitter:card\" content=\"summary_large_image\" \/>\n<meta name=\"twitter:label1\" content=\"Szacowany czas czytania\">\n\t<meta name=\"twitter:data1\" content=\"4 minuty\">\n<script type=\"application\/ld+json\" class=\"yoast-schema-graph\">{\"@context\":\"https:\/\/schema.org\",\"@graph\":[{\"@type\":[\"Person\",\"Organization\"],\"@id\":\"https:\/\/www.skibum.pl\/#\/schema\/person\/b74385c885ac19df4fcc5a6cfed5764f\",\"name\":\"skibum\",\"image\":{\"@type\":\"ImageObject\",\"@id\":\"https:\/\/www.skibum.pl\/#personlogo\",\"inLanguage\":\"pl-PL\",\"url\":\"http:\/\/skibum.pl\/wp-content\/uploads\/2021\/04\/miniatura.jpg\",\"contentUrl\":\"http:\/\/skibum.pl\/wp-content\/uploads\/2021\/04\/miniatura.jpg\",\"width\":542,\"height\":542,\"caption\":\"skibum\"},\"logo\":{\"@id\":\"https:\/\/www.skibum.pl\/#personlogo\"}},{\"@type\":\"WebSite\",\"@id\":\"https:\/\/www.skibum.pl\/#website\",\"url\":\"https:\/\/www.skibum.pl\/\",\"name\":\"SkiBum.pl\",\"description\":\"Sezon nie ko\\u0144czy si\\u0119 nigdy!\",\"publisher\":{\"@id\":\"https:\/\/www.skibum.pl\/#\/schema\/person\/b74385c885ac19df4fcc5a6cfed5764f\"},\"potentialAction\":[{\"@type\":\"SearchAction\",\"target\":\"https:\/\/www.skibum.pl\/?s={search_term_string}\",\"query-input\":\"required name=search_term_string\"}],\"inLanguage\":\"pl-PL\"},{\"@type\":\"ImageObject\",\"@id\":\"https:\/\/www.skibum.pl\/index.php\/newski-listopad-2025\/#primaryimage\",\"inLanguage\":\"pl-PL\",\"url\":\"https:\/\/www.skibum.pl\/wp-content\/uploads\/2025\/09\/newski-1-e1756931362690.png\",\"contentUrl\":\"https:\/\/www.skibum.pl\/wp-content\/uploads\/2025\/09\/newski-1-e1756931362690.png\",\"width\":1524,\"height\":721},{\"@type\":\"WebPage\",\"@id\":\"https:\/\/www.skibum.pl\/index.php\/newski-listopad-2025\/#webpage\",\"url\":\"https:\/\/www.skibum.pl\/index.php\/newski-listopad-2025\/\",\"name\":\"NEWSKI - LISTOPAD 2025 - SkiBum.pl\",\"isPartOf\":{\"@id\":\"https:\/\/www.skibum.pl\/#website\"},\"primaryImageOfPage\":{\"@id\":\"https:\/\/www.skibum.pl\/index.php\/newski-listopad-2025\/#primaryimage\"},\"datePublished\":\"2025-12-09T23:36:16+00:00\",\"dateModified\":\"2025-12-09T23:44:06+00:00\",\"breadcrumb\":{\"@id\":\"https:\/\/www.skibum.pl\/index.php\/newski-listopad-2025\/#breadcrumb\"},\"inLanguage\":\"pl-PL\",\"potentialAction\":[{\"@type\":\"ReadAction\",\"target\":[\"https:\/\/www.skibum.pl\/index.php\/newski-listopad-2025\/\"]}]},{\"@type\":\"BreadcrumbList\",\"@id\":\"https:\/\/www.skibum.pl\/index.php\/newski-listopad-2025\/#breadcrumb\",\"itemListElement\":[{\"@type\":\"ListItem\",\"position\":1,\"item\":{\"@type\":\"WebPage\",\"@id\":\"https:\/\/www.skibum.pl\/\",\"url\":\"https:\/\/www.skibum.pl\/\",\"name\":\"Strona g\\u0142\\u00f3wna\"}},{\"@type\":\"ListItem\",\"position\":2,\"item\":{\"@type\":\"WebPage\",\"@id\":\"https:\/\/www.skibum.pl\/index.php\/newski-listopad-2025\/\",\"url\":\"https:\/\/www.skibum.pl\/index.php\/newski-listopad-2025\/\",\"name\":\"NEWSKI &#8211; LISTOPAD 2025\"}}]}]}<\/script>\n<!-- \/ Yoast SEO plugin. -->","_links":{"self":[{"href":"https:\/\/www.skibum.pl\/index.php\/wp-json\/wp\/v2\/pages\/6253"}],"collection":[{"href":"https:\/\/www.skibum.pl\/index.php\/wp-json\/wp\/v2\/pages"}],"about":[{"href":"https:\/\/www.skibum.pl\/index.php\/wp-json\/wp\/v2\/types\/page"}],"author":[{"embeddable":true,"href":"https:\/\/www.skibum.pl\/index.php\/wp-json\/wp\/v2\/users\/1"}],"replies":[{"embeddable":true,"href":"https:\/\/www.skibum.pl\/index.php\/wp-json\/wp\/v2\/comments?post=6253"}],"version-history":[{"count":9,"href":"https:\/\/www.skibum.pl\/index.php\/wp-json\/wp\/v2\/pages\/6253\/revisions"}],"predecessor-version":[{"id":6268,"href":"https:\/\/www.skibum.pl\/index.php\/wp-json\/wp\/v2\/pages\/6253\/revisions\/6268"}],"wp:featuredmedia":[{"embeddable":true,"href":"https:\/\/www.skibum.pl\/index.php\/wp-json\/wp\/v2\/media\/6165"}],"wp:attachment":[{"href":"https:\/\/www.skibum.pl\/index.php\/wp-json\/wp\/v2\/media?parent=6253"}],"curies":[{"name":"wp","href":"https:\/\/api.w.org\/{rel}","templated":true}]}}